{"id":120867,"date":"2026-05-07T13:06:01","date_gmt":"2026-05-07T11:06:01","guid":{"rendered":"https:\/\/ide.de\/produkt\/wartungssatz-saisonstart-fun-2-fun-2-marine-nautic-150-em-et\/"},"modified":"2026-05-15T13:05:47","modified_gmt":"2026-05-15T11:05:47","slug":"wartungssatz-saisonstart-fun-2-fun-2-marine-nautic-150-em-et","status":"publish","type":"product","link":"https:\/\/ide.de\/en\/produkt\/wartungssatz-saisonstart-fun-2-fun-2-marine-nautic-150-em-et\/","title":{"rendered":"Wartungssatz Saisonstart  FUN 2\/ FUN 2 Marine\/ NAUTIC 150- EM\/ ET"},"content":{"rendered":"<p>&#8211; Synthetik Atemluft Kompressor\u00f6l<br \/>\n&#8211; Trocknerpatrone<br \/>\n&#8211; Ansaugluftfilter<br \/>\nO-Ring-F\u00fcllanschlu\u00df<br \/>\nKonservierungsspray<\/p>","protected":false},"excerpt":{"rendered":"<p>&#8211; Synthetik Atemluft Kompressor\u00f6l &#8211; Trocknerpatrone &#8211; Ansaugluftfilter O-Ring-F\u00fcllanschlu\u00df Konservierungsspray<\/p>","protected":false},"featured_media":120870,"comment_status":"open","ping_status":"closed","template":"","meta":{"_acf_changed":false},"product_brand":[],"product_cat":[133],"product_tag":[],"class_list":{"0":"post-120867","1":"product","2":"type-product","3":"status-publish","4":"has-post-thumbnail","6":"product_cat-sk","8":"first","9":"instock","10":"taxable","11":"shipping-taxable","12":"purchasable","13":"product-type-simple"},"acf":[],"_links":{"self":[{"href":"https:\/\/ide.de\/en\/wp-json\/wp\/v2\/product\/120867","targetHints":{"allow":["GET"]}}],"collection":[{"href":"https:\/\/ide.de\/en\/wp-json\/wp\/v2\/product"}],"about":[{"href":"https:\/\/ide.de\/en\/wp-json\/wp\/v2\/types\/product"}],"replies":[{"embeddable":true,"href":"https:\/\/ide.de\/en\/wp-json\/wp\/v2\/comments?post=120867"}],"wp:featuredmedia":[{"embeddable":true,"href":"https:\/\/ide.de\/en\/wp-json\/wp\/v2\/media\/120870"}],"wp:attachment":[{"href":"https:\/\/ide.de\/en\/wp-json\/wp\/v2\/media?parent=120867"}],"wp:term":[{"taxonomy":"product_brand","embeddable":true,"href":"https:\/\/ide.de\/en\/wp-json\/wp\/v2\/product_brand?post=120867"},{"taxonomy":"product_cat","embeddable":true,"href":"https:\/\/ide.de\/en\/wp-json\/wp\/v2\/product_cat?post=120867"},{"taxonomy":"product_tag","embeddable":true,"href":"https:\/\/ide.de\/en\/wp-json\/wp\/v2\/product_tag?post=120867"}],"curies":[{"name":"wp","href":"https:\/\/api.w.org\/{rel}","templated":true}]}}