{"id":120864,"date":"2026-05-07T13:06:00","date_gmt":"2026-05-07T11:06:00","guid":{"rendered":"https:\/\/ide.de\/produkt\/wartungssatz-saisonstart-bavaria-pro-elektro\/"},"modified":"2026-05-14T13:05:39","modified_gmt":"2026-05-14T11:05:39","slug":"wartungssatz-saisonstart-bavaria-pro-elektro","status":"publish","type":"product","link":"https:\/\/ide.de\/en\/produkt\/wartungssatz-saisonstart-bavaria-pro-elektro\/","title":{"rendered":"Wartungssatz Saisonstart BAVARIA PRO- ELEKTRO"},"content":{"rendered":"<p>&#8211; Synthetik Atemluft Kompressor\u00f6l 3L<br \/>\n&#8211; Trocknerpatrone<br \/>\n&#8211; Ansaugluftfilter<br \/>\nO-Ringe F\u00fcllanschl\u00fcsse<br \/>\nO-Ringe Kondensautomatik,<br \/>\nKonservierungsspray<\/p>","protected":false},"excerpt":{"rendered":"<p>&#8211; Synthetik Atemluft Kompressor\u00f6l 3L &#8211; Trocknerpatrone &#8211; Ansaugluftfilter O-Ringe F\u00fcllanschl\u00fcsse O-Ringe Kondensautomatik, Konservierungsspray<\/p>","protected":false},"featured_media":120858,"comment_status":"open","ping_status":"closed","template":"","meta":{"_acf_changed":false},"product_brand":[],"product_cat":[133],"product_tag":[],"class_list":{"0":"post-120864","1":"product","2":"type-product","3":"status-publish","4":"has-post-thumbnail","6":"product_cat-sk","8":"first","9":"instock","10":"taxable","11":"shipping-taxable","12":"purchasable","13":"product-type-simple"},"acf":[],"_links":{"self":[{"href":"https:\/\/ide.de\/en\/wp-json\/wp\/v2\/product\/120864","targetHints":{"allow":["GET"]}}],"collection":[{"href":"https:\/\/ide.de\/en\/wp-json\/wp\/v2\/product"}],"about":[{"href":"https:\/\/ide.de\/en\/wp-json\/wp\/v2\/types\/product"}],"replies":[{"embeddable":true,"href":"https:\/\/ide.de\/en\/wp-json\/wp\/v2\/comments?post=120864"}],"wp:featuredmedia":[{"embeddable":true,"href":"https:\/\/ide.de\/en\/wp-json\/wp\/v2\/media\/120858"}],"wp:attachment":[{"href":"https:\/\/ide.de\/en\/wp-json\/wp\/v2\/media?parent=120864"}],"wp:term":[{"taxonomy":"product_brand","embeddable":true,"href":"https:\/\/ide.de\/en\/wp-json\/wp\/v2\/product_brand?post=120864"},{"taxonomy":"product_cat","embeddable":true,"href":"https:\/\/ide.de\/en\/wp-json\/wp\/v2\/product_cat?post=120864"},{"taxonomy":"product_tag","embeddable":true,"href":"https:\/\/ide.de\/en\/wp-json\/wp\/v2\/product_tag?post=120864"}],"curies":[{"name":"wp","href":"https:\/\/api.w.org\/{rel}","templated":true}]}}