{"id":120854,"date":"2026-05-06T13:05:14","date_gmt":"2026-05-06T11:05:14","guid":{"rendered":"https:\/\/ide.de\/produkt\/servicekit-kipphebelventil-edelstahl-big\/"},"modified":"2026-05-14T13:04:49","modified_gmt":"2026-05-14T11:04:49","slug":"servicekit-kipphebelventil-edelstahl-big","status":"publish","type":"product","link":"https:\/\/ide.de\/en\/produkt\/servicekit-kipphebelventil-edelstahl-big\/","title":{"rendered":"Servicekit Kipphebelventil Edelstahl BIG"},"content":{"rendered":"<p>Kompletter Wartungssatz zur Revision von IDE-F\u00fcllventil<br \/>\nbestehend aus:<br \/>\n-Dichtungssatz<br \/>\n-Schalld\u00e4mpfer<br \/>\n&#8211; Sinterfilter<br \/>\n-Ventilstift<br \/>\n-Druckst\u00fcck<br \/>\n-Schmiermittel<br \/>\n-Feder<\/p>","protected":false},"excerpt":{"rendered":"<p>Kompletter Wartungssatz zur Revision von IDE-F\u00fcllventil bestehend aus: -Dichtungssatz -Schalld\u00e4mpfer &#8211; Sinterfilter -Ventilstift -Druckst\u00fcck -Schmiermittel -Feder<\/p>","protected":false},"featured_media":0,"comment_status":"open","ping_status":"closed","template":"","meta":{"_acf_changed":false},"product_brand":[],"product_cat":[133],"product_tag":[],"class_list":{"0":"post-120854","1":"product","2":"type-product","3":"status-publish","5":"product_cat-sk","7":"first","8":"instock","9":"taxable","10":"shipping-taxable","11":"purchasable","12":"product-type-simple"},"acf":[],"_links":{"self":[{"href":"https:\/\/ide.de\/en\/wp-json\/wp\/v2\/product\/120854","targetHints":{"allow":["GET"]}}],"collection":[{"href":"https:\/\/ide.de\/en\/wp-json\/wp\/v2\/product"}],"about":[{"href":"https:\/\/ide.de\/en\/wp-json\/wp\/v2\/types\/product"}],"replies":[{"embeddable":true,"href":"https:\/\/ide.de\/en\/wp-json\/wp\/v2\/comments?post=120854"}],"wp:attachment":[{"href":"https:\/\/ide.de\/en\/wp-json\/wp\/v2\/media?parent=120854"}],"wp:term":[{"taxonomy":"product_brand","embeddable":true,"href":"https:\/\/ide.de\/en\/wp-json\/wp\/v2\/product_brand?post=120854"},{"taxonomy":"product_cat","embeddable":true,"href":"https:\/\/ide.de\/en\/wp-json\/wp\/v2\/product_cat?post=120854"},{"taxonomy":"product_tag","embeddable":true,"href":"https:\/\/ide.de\/en\/wp-json\/wp\/v2\/product_tag?post=120854"}],"curies":[{"name":"wp","href":"https:\/\/api.w.org\/{rel}","templated":true}]}}