{"id":120848,"date":"2026-04-29T13:05:11","date_gmt":"2026-04-29T11:05:11","guid":{"rendered":"https:\/\/ide.de\/produkt\/cool-dry-kaeltetrockner-900-l-420-bar-kda\/"},"modified":"2026-05-02T13:04:15","modified_gmt":"2026-05-02T11:04:15","slug":"cool-dry-kaeltetrockner-900-l-420-bar-kda","status":"publish","type":"product","link":"https:\/\/ide.de\/en\/produkt\/cool-dry-kaeltetrockner-900-l-420-bar-kda\/","title":{"rendered":"COOL &amp; DRY K\u00e4ltetrockner 900 L, 420 bar, KDA"},"content":{"rendered":"<p>Hochdruck K\u00e4ltetrockner COOL&amp;DRY 900\u00a0Filterkapazit\u00e4t und Filterstandzeiten sind gerade f\u00fcr professionelle F\u00fcllbetriebe \u00a0die ihre Kosten im Griff haben wollen ein wichtiges Thema. Die Filterstandzeiten sind temperaturabh\u00e4ngig, zum Beispiel: unser TFI 720 mit Filtersystem FT 610\u00a0hat bei 20 \u00b0C Filterwandtemperatur eine Filterstandzeit von ca.\u00a045 Stunden, bei 35 \u00b0C\u00a0nur noch ca.\u00a016 Stunden.\u00a0Wenn die Druckluft vor dem letzten Wasserabscheider von z.B 35\u00b0C auf 3 \u00b0C abgek\u00fchlt wird, verl\u00e4ngern sich die Filterstandzeiten auf etwa 110 Std. Unsere bew\u00e4hrten und in der ganzen Welt im Einsatz befindlichen Hochdruck-K\u00e4ltetrockner amortisieren sich\u00a0innerhalb k\u00fcrzester Zeit durch die eingesparten Kosten f\u00fcr Trocknerpatronen. Um den genauen Filterzustand zu \u00fcberwachen empfehlen wir den Einsatz unseres AIRSAVE Trockner\u00fcberwachungssystems.\u00a0IDE-COOL&amp;DRY\u00a0Hochdruck-K\u00e4ltetrockner sind als eigenst\u00e4ndige Anlagen mit \u00d6l-\/Wasserabscheider und automatischer Kondensatentw\u00e4sserung ausgestattet.\u00a0Lieferumfang:Anschlu\u00dffertig f\u00fcr Eigenmontage mit automatischer, schallged\u00e4mpfter Kondensatentw\u00e4sserung\u00a0Digitale Temperaturanzeige in \u00b0CPulverbeschichtetes Geh\u00e4use in RAL\u00a09005\/ 9007Netzkabel mit Schukostecker f\u00fcr 230V~ 50 Hz Anschluss incl. \u00a0IDE COOL&amp; DRY Hochdruck-K\u00e4ltetrockner sind f\u00fcr platzsparende Wandmontage ausgelegt, absolut wartungsarm und mit umweltfreundlichem K\u00e4ltemittel (kein FCKW) bef\u00fcllt.2 Hochdruckschl\u00e4uche mit je 2 m L\u00e4nge, Anschlussgewinde M22 x 1,5 &#8211; Ermeto 10SMa\u00dfe und Gewichte: LxBxH 500 x 250 x 800 mm, 52 kg\u00a0<br \/>\nHS CODE 8419 6000<\/p>","protected":false},"excerpt":{"rendered":"<p>Hochdruck K\u00e4ltetrockner COOL&amp;DRY 900\u00a0Filterkapazit\u00e4t und Filterstandzeiten sind gerade f\u00fcr professionelle F\u00fcllbetriebe \u00a0die ihre Kosten im Griff haben wollen ein wichtiges Thema. Die Filterstandzeiten sind temperaturabh\u00e4ngig, zum Beispiel: unser TFI 720 mit Filtersystem FT 610\u00a0hat bei 20 \u00b0C Filterwandtemperatur eine Filterstandzeit von ca.\u00a045 Stunden, bei 35 \u00b0C\u00a0nur noch ca.\u00a016 Stunden.\u00a0Wenn die Druckluft vor dem letzten Wasserabscheider [&hellip;]<\/p>\n","protected":false},"featured_media":120842,"comment_status":"open","ping_status":"closed","template":"","meta":{"_acf_changed":false},"product_brand":[],"product_cat":[132],"product_tag":[],"class_list":{"0":"post-120848","1":"product","2":"type-product","3":"status-publish","4":"has-post-thumbnail","6":"product_cat-lq","8":"first","9":"instock","10":"taxable","11":"shipping-taxable","12":"purchasable","13":"product-type-simple"},"acf":[],"_links":{"self":[{"href":"https:\/\/ide.de\/en\/wp-json\/wp\/v2\/product\/120848","targetHints":{"allow":["GET"]}}],"collection":[{"href":"https:\/\/ide.de\/en\/wp-json\/wp\/v2\/product"}],"about":[{"href":"https:\/\/ide.de\/en\/wp-json\/wp\/v2\/types\/product"}],"replies":[{"embeddable":true,"href":"https:\/\/ide.de\/en\/wp-json\/wp\/v2\/comments?post=120848"}],"wp:featuredmedia":[{"embeddable":true,"href":"https:\/\/ide.de\/en\/wp-json\/wp\/v2\/media\/120842"}],"wp:attachment":[{"href":"https:\/\/ide.de\/en\/wp-json\/wp\/v2\/media?parent=120848"}],"wp:term":[{"taxonomy":"product_brand","embeddable":true,"href":"https:\/\/ide.de\/en\/wp-json\/wp\/v2\/product_brand?post=120848"},{"taxonomy":"product_cat","embeddable":true,"href":"https:\/\/ide.de\/en\/wp-json\/wp\/v2\/product_cat?post=120848"},{"taxonomy":"product_tag","embeddable":true,"href":"https:\/\/ide.de\/en\/wp-json\/wp\/v2\/product_tag?post=120848"}],"curies":[{"name":"wp","href":"https:\/\/api.w.org\/{rel}","templated":true}]}}