{"id":120441,"date":"2026-04-24T20:17:26","date_gmt":"2026-04-24T18:17:26","guid":{"rendered":"https:\/\/ide.de\/produkt\/trocknerpatrone-filterpatrone-ft160-hopcalite\/"},"modified":"2026-05-15T13:05:45","modified_gmt":"2026-05-15T11:05:45","slug":"trocknerpatrone-filterpatrone-ft160-hopcalite","status":"publish","type":"product","link":"https:\/\/ide.de\/en\/produkt\/trocknerpatrone-filterpatrone-ft160-hopcalite\/","title":{"rendered":"Trocknerpatrone\/ Filterpatrone FT160 Hopcalite"},"content":{"rendered":"<p>gef\u00fcllt mit Molekularsieb, Aktivkohle, Feinstaubfilter und Hopcalite CO Katalysator f\u00fcr die Modelle IDE TFI- TPO mit Benzin oder Dieselantrieb.<br \/>\nWechselinterval je nach Filtergeh\u00e4usetemperatur mindestens jedoch alle 1\/2 Jahre.<\/p>","protected":false},"excerpt":{"rendered":"<p>gef\u00fcllt mit Molekularsieb, Aktivkohle, Feinstaubfilter und Hopcalite CO Katalysator f\u00fcr die Modelle IDE TFI- TPO mit Benzin oder Dieselantrieb. Wechselinterval je nach Filtergeh\u00e4usetemperatur mindestens jedoch alle 1\/2 Jahre.<\/p>","protected":false},"featured_media":120832,"comment_status":"open","ping_status":"closed","template":"","meta":{"_acf_changed":false},"product_brand":[],"product_cat":[134],"product_tag":[],"class_list":{"0":"post-120441","1":"product","2":"type-product","3":"status-publish","4":"has-post-thumbnail","6":"product_cat-fi","8":"first","9":"instock","10":"taxable","11":"shipping-taxable","12":"purchasable","13":"product-type-simple"},"acf":[],"_links":{"self":[{"href":"https:\/\/ide.de\/en\/wp-json\/wp\/v2\/product\/120441","targetHints":{"allow":["GET"]}}],"collection":[{"href":"https:\/\/ide.de\/en\/wp-json\/wp\/v2\/product"}],"about":[{"href":"https:\/\/ide.de\/en\/wp-json\/wp\/v2\/types\/product"}],"replies":[{"embeddable":true,"href":"https:\/\/ide.de\/en\/wp-json\/wp\/v2\/comments?post=120441"}],"wp:featuredmedia":[{"embeddable":true,"href":"https:\/\/ide.de\/en\/wp-json\/wp\/v2\/media\/120832"}],"wp:attachment":[{"href":"https:\/\/ide.de\/en\/wp-json\/wp\/v2\/media?parent=120441"}],"wp:term":[{"taxonomy":"product_brand","embeddable":true,"href":"https:\/\/ide.de\/en\/wp-json\/wp\/v2\/product_brand?post=120441"},{"taxonomy":"product_cat","embeddable":true,"href":"https:\/\/ide.de\/en\/wp-json\/wp\/v2\/product_cat?post=120441"},{"taxonomy":"product_tag","embeddable":true,"href":"https:\/\/ide.de\/en\/wp-json\/wp\/v2\/product_tag?post=120441"}],"curies":[{"name":"wp","href":"https:\/\/api.w.org\/{rel}","templated":true}]}}