{"id":120439,"date":"2026-04-24T20:17:25","date_gmt":"2026-04-24T18:17:25","guid":{"rendered":"https:\/\/ide.de\/produkt\/selbstfuellpatrone-fuer-personalfilter-pf-70\/"},"modified":"2026-05-15T13:05:43","modified_gmt":"2026-05-15T11:05:43","slug":"selbstfuellpatrone-fuer-personalfilter-pf-70","status":"publish","type":"product","link":"https:\/\/ide.de\/en\/produkt\/selbstfuellpatrone-fuer-personalfilter-pf-70\/","title":{"rendered":"Selbstf\u00fcllpatrone f\u00fcr Personalfilter PF 70"},"content":{"rendered":"<p>Selbstf\u00fcllpatrone aus Aluminium mit Verschraubungen aus messing mit Gittern und Feder zur Materialverdichtung.<\/p>","protected":false},"excerpt":{"rendered":"<p>Selbstf\u00fcllpatrone aus Aluminium mit Verschraubungen aus messing mit Gittern und Feder zur Materialverdichtung.<\/p>","protected":false},"featured_media":120830,"comment_status":"open","ping_status":"closed","template":"","meta":{"_acf_changed":false},"product_brand":[],"product_cat":[134],"product_tag":[],"class_list":{"0":"post-120439","1":"product","2":"type-product","3":"status-publish","4":"has-post-thumbnail","6":"product_cat-fi","8":"first","9":"instock","10":"taxable","11":"shipping-taxable","12":"purchasable","13":"product-type-simple"},"acf":[],"_links":{"self":[{"href":"https:\/\/ide.de\/en\/wp-json\/wp\/v2\/product\/120439","targetHints":{"allow":["GET"]}}],"collection":[{"href":"https:\/\/ide.de\/en\/wp-json\/wp\/v2\/product"}],"about":[{"href":"https:\/\/ide.de\/en\/wp-json\/wp\/v2\/types\/product"}],"replies":[{"embeddable":true,"href":"https:\/\/ide.de\/en\/wp-json\/wp\/v2\/comments?post=120439"}],"wp:featuredmedia":[{"embeddable":true,"href":"https:\/\/ide.de\/en\/wp-json\/wp\/v2\/media\/120830"}],"wp:attachment":[{"href":"https:\/\/ide.de\/en\/wp-json\/wp\/v2\/media?parent=120439"}],"wp:term":[{"taxonomy":"product_brand","embeddable":true,"href":"https:\/\/ide.de\/en\/wp-json\/wp\/v2\/product_brand?post=120439"},{"taxonomy":"product_cat","embeddable":true,"href":"https:\/\/ide.de\/en\/wp-json\/wp\/v2\/product_cat?post=120439"},{"taxonomy":"product_tag","embeddable":true,"href":"https:\/\/ide.de\/en\/wp-json\/wp\/v2\/product_tag?post=120439"}],"curies":[{"name":"wp","href":"https:\/\/api.w.org\/{rel}","templated":true}]}}