{"id":120430,"date":"2026-04-24T20:17:22","date_gmt":"2026-04-24T18:17:22","guid":{"rendered":"https:\/\/ide.de\/produkt\/trocknersystem-ft-100-basic\/"},"modified":"2026-05-15T13:05:41","modified_gmt":"2026-05-15T11:05:41","slug":"trocknersystem-ft-100-basic","status":"publish","type":"product","link":"https:\/\/ide.de\/en\/produkt\/trocknersystem-ft-100-basic\/","title":{"rendered":"Trocknersystem FT 100 BASIC"},"content":{"rendered":"<p>Trocknereinheit FT 100 f\u00fcr 125 m\u00b3 (20\u00b0C Trocknerwandtemperatur) getrocknete Luft icl.Herstellerzertifikat und Konformit\u00e4tserkl\u00e4rung.<br \/>\nMaximaler Druck 350 bar, f\u00fcr Trocknerpatronen FT 100.<br \/>\nKomplett kompatibel mit Bauer Filtersystem und Patronen P21<br \/>\npassende Sicherheitsventile:<br \/>\n200 bar L06-01\/ 200<br \/>\n300 bar L06-09\/ 300<\/p>","protected":false},"excerpt":{"rendered":"<p>Trocknereinheit FT 100 f\u00fcr 125 m\u00b3 (20\u00b0C Trocknerwandtemperatur) getrocknete Luft icl.Herstellerzertifikat und Konformit\u00e4tserkl\u00e4rung. Maximaler Druck 350 bar, f\u00fcr Trocknerpatronen FT 100. Komplett kompatibel mit Bauer Filtersystem und Patronen P21 passende Sicherheitsventile: 200 bar L06-01\/ 200 300 bar L06-09\/ 300<\/p>","protected":false},"featured_media":0,"comment_status":"open","ping_status":"closed","template":"","meta":{"_acf_changed":false},"product_brand":[],"product_cat":[134],"product_tag":[],"class_list":{"0":"post-120430","1":"product","2":"type-product","3":"status-publish","5":"product_cat-fi","7":"first","8":"instock","9":"taxable","10":"shipping-taxable","11":"purchasable","12":"product-type-simple"},"acf":[],"_links":{"self":[{"href":"https:\/\/ide.de\/en\/wp-json\/wp\/v2\/product\/120430","targetHints":{"allow":["GET"]}}],"collection":[{"href":"https:\/\/ide.de\/en\/wp-json\/wp\/v2\/product"}],"about":[{"href":"https:\/\/ide.de\/en\/wp-json\/wp\/v2\/types\/product"}],"replies":[{"embeddable":true,"href":"https:\/\/ide.de\/en\/wp-json\/wp\/v2\/comments?post=120430"}],"wp:attachment":[{"href":"https:\/\/ide.de\/en\/wp-json\/wp\/v2\/media?parent=120430"}],"wp:term":[{"taxonomy":"product_brand","embeddable":true,"href":"https:\/\/ide.de\/en\/wp-json\/wp\/v2\/product_brand?post=120430"},{"taxonomy":"product_cat","embeddable":true,"href":"https:\/\/ide.de\/en\/wp-json\/wp\/v2\/product_cat?post=120430"},{"taxonomy":"product_tag","embeddable":true,"href":"https:\/\/ide.de\/en\/wp-json\/wp\/v2\/product_tag?post=120430"}],"curies":[{"name":"wp","href":"https:\/\/api.w.org\/{rel}","templated":true}]}}