{"id":120347,"date":"2026-04-24T20:16:57","date_gmt":"2026-04-24T18:16:57","guid":{"rendered":"https:\/\/ide.de\/produkt\/kohler-48-kw-65-ps-3600-rpm-benzin\/"},"modified":"2026-05-15T13:05:28","modified_gmt":"2026-05-15T11:05:28","slug":"kohler-48-kw-65-ps-3600-rpm-benzin","status":"publish","type":"product","link":"https:\/\/ide.de\/en\/produkt\/kohler-48-kw-65-ps-3600-rpm-benzin\/","title":{"rendered":"KOHLER  4,8 kW, 6,5 PS\/ 3600 rpm Benzin"},"content":{"rendered":"<p>Verbrennungsmotor f\u00fcr Benzinbetrieb mit Start-Stop Schalter. 4,8 kW- 6,5 PS 196 CC<br \/>\n&#8211; M\u00fchelose Starts mit gro\u00dfem\u00a0R\u00fccksto\u00dfseilstarter<br \/>\n&#8211; Ergonomischer, leicht zu ziehender Griff<br \/>\n&#8211; Ger\u00e4uscharmer Betrieb dank des \u00fcberdimensionierten<br \/>\nSchalld\u00e4mpfer mit Hitzeschild<br \/>\n&#8211; Einfaches Einf\u00fcllen und weniger Versch\u00fctten mit<br \/>\nAccu-Fill Kraftstofftank mit 45% gr\u00f6\u00dferem<br \/>\nabgewinkelten Tankstutzen<br \/>\n&#8211; Einfaches Starten und Stoppen mit All-in-One<br \/>\nGashebel\/Drosselklappe\/Abschalthebel<br \/>\n\u00d6leinf\u00fcllstutzen und \u00d6lmessstab rechtsseitig.<br \/>\n&#8211; Klein, aber stark &#8211; ein kompaktes<br \/>\nDesign mit hoher Leistung\u00a0und Drehmoment<br \/>\n&#8211; K\u00fchl laufende OHV-Konstruktion f\u00fcr Kraftstoff<br \/>\nEffizienz und saubere Emissionen<br \/>\n\u00a0<\/p>","protected":false},"excerpt":{"rendered":"<p>Verbrennungsmotor f\u00fcr Benzinbetrieb mit Start-Stop Schalter. 4,8 kW- 6,5 PS 196 CC &#8211; M\u00fchelose Starts mit gro\u00dfem\u00a0R\u00fccksto\u00dfseilstarter &#8211; Ergonomischer, leicht zu ziehender Griff &#8211; Ger\u00e4uscharmer Betrieb dank des \u00fcberdimensionierten Schalld\u00e4mpfer mit Hitzeschild &#8211; Einfaches Einf\u00fcllen und weniger Versch\u00fctten mit Accu-Fill Kraftstofftank mit 45% gr\u00f6\u00dferem abgewinkelten Tankstutzen &#8211; Einfaches Starten und Stoppen mit All-in-One Gashebel\/Drosselklappe\/Abschalthebel \u00d6leinf\u00fcllstutzen [&hellip;]<\/p>\n","protected":false},"featured_media":120761,"comment_status":"open","ping_status":"closed","template":"","meta":{"_acf_changed":false},"product_brand":[],"product_cat":[155],"product_tag":[],"class_list":{"0":"post-120347","1":"product","2":"type-product","3":"status-publish","4":"has-post-thumbnail","6":"product_cat-am","8":"first","9":"instock","10":"taxable","11":"shipping-taxable","12":"purchasable","13":"product-type-simple"},"acf":[],"_links":{"self":[{"href":"https:\/\/ide.de\/en\/wp-json\/wp\/v2\/product\/120347","targetHints":{"allow":["GET"]}}],"collection":[{"href":"https:\/\/ide.de\/en\/wp-json\/wp\/v2\/product"}],"about":[{"href":"https:\/\/ide.de\/en\/wp-json\/wp\/v2\/types\/product"}],"replies":[{"embeddable":true,"href":"https:\/\/ide.de\/en\/wp-json\/wp\/v2\/comments?post=120347"}],"wp:featuredmedia":[{"embeddable":true,"href":"https:\/\/ide.de\/en\/wp-json\/wp\/v2\/media\/120761"}],"wp:attachment":[{"href":"https:\/\/ide.de\/en\/wp-json\/wp\/v2\/media?parent=120347"}],"wp:term":[{"taxonomy":"product_brand","embeddable":true,"href":"https:\/\/ide.de\/en\/wp-json\/wp\/v2\/product_brand?post=120347"},{"taxonomy":"product_cat","embeddable":true,"href":"https:\/\/ide.de\/en\/wp-json\/wp\/v2\/product_cat?post=120347"},{"taxonomy":"product_tag","embeddable":true,"href":"https:\/\/ide.de\/en\/wp-json\/wp\/v2\/product_tag?post=120347"}],"curies":[{"name":"wp","href":"https:\/\/api.w.org\/{rel}","templated":true}]}}