{"id":120330,"date":"2026-04-24T20:16:52","date_gmt":"2026-04-24T18:16:52","guid":{"rendered":"https:\/\/ide.de\/produkt\/composite-speicherbehaelter-50l-200-bar\/"},"modified":"2026-05-15T13:05:25","modified_gmt":"2026-05-15T11:05:25","slug":"composite-speicherbehaelter-50l-200-bar","status":"publish","type":"product","link":"https:\/\/ide.de\/en\/produkt\/composite-speicherbehaelter-50l-200-bar\/","title":{"rendered":"Composite Speicherbeh\u00e4lter 50L&#8211;200 bar"},"content":{"rendered":"<p>Weltweit neuartige 50L Composite-Speicherzylinder mit Ventil DIN 200 f\u00fcr Atemluft sowohl als auch f\u00fcr Gasbetrieb mit O\u00b2, H\u00b2, N\u00b2, Ar, He, CO\u00b2, CO, H\u00b2S, N\u00b2O, SO\u00b2 zugelassen.<br \/>\nDie Lebensdauer ist unbegrenzt.<br \/>\nDie Flaschen sind nach PED 97\/23EEC produziert und mit PI- Pr\u00e4gung versehen also auch als Transportbeh\u00e4lter nutzbar und erfolgreich getestet gem\u00e4\u00df EN 12245.<br \/>\nTestdruck 390 bar- Berstdruck 900 bar.<br \/>\n65% weniger Gewicht, als herk\u00f6mmliche Stahlflaschen.<br \/>\nProduziert in Europa bei einem weltweit f\u00fchrenden Hersteller.<br \/>\nVolumen 50L<br \/>\nL\u00e4nge 1545mm, Durchmesser 240mm, Gewicht 22,9 kg<\/p>","protected":false},"excerpt":{"rendered":"<p>Weltweit neuartige 50L Composite-Speicherzylinder mit Ventil DIN 200 f\u00fcr Atemluft sowohl als auch f\u00fcr Gasbetrieb mit O\u00b2, H\u00b2, N\u00b2, Ar, He, CO\u00b2, CO, H\u00b2S, N\u00b2O, SO\u00b2 zugelassen. Die Lebensdauer ist unbegrenzt. Die Flaschen sind nach PED 97\/23EEC produziert und mit PI- Pr\u00e4gung versehen also auch als Transportbeh\u00e4lter nutzbar und erfolgreich getestet gem\u00e4\u00df EN 12245. Testdruck [&hellip;]<\/p>\n","protected":false},"featured_media":120745,"comment_status":"open","ping_status":"closed","template":"","meta":{"_acf_changed":false},"product_brand":[],"product_cat":[206],"product_tag":[],"class_list":{"0":"post-120330","1":"product","2":"type-product","3":"status-publish","4":"has-post-thumbnail","6":"product_cat-sp","8":"first","9":"instock","10":"taxable","11":"shipping-taxable","12":"purchasable","13":"product-type-simple"},"acf":[],"_links":{"self":[{"href":"https:\/\/ide.de\/en\/wp-json\/wp\/v2\/product\/120330","targetHints":{"allow":["GET"]}}],"collection":[{"href":"https:\/\/ide.de\/en\/wp-json\/wp\/v2\/product"}],"about":[{"href":"https:\/\/ide.de\/en\/wp-json\/wp\/v2\/types\/product"}],"replies":[{"embeddable":true,"href":"https:\/\/ide.de\/en\/wp-json\/wp\/v2\/comments?post=120330"}],"wp:featuredmedia":[{"embeddable":true,"href":"https:\/\/ide.de\/en\/wp-json\/wp\/v2\/media\/120745"}],"wp:attachment":[{"href":"https:\/\/ide.de\/en\/wp-json\/wp\/v2\/media?parent=120330"}],"wp:term":[{"taxonomy":"product_brand","embeddable":true,"href":"https:\/\/ide.de\/en\/wp-json\/wp\/v2\/product_brand?post=120330"},{"taxonomy":"product_cat","embeddable":true,"href":"https:\/\/ide.de\/en\/wp-json\/wp\/v2\/product_cat?post=120330"},{"taxonomy":"product_tag","embeddable":true,"href":"https:\/\/ide.de\/en\/wp-json\/wp\/v2\/product_tag?post=120330"}],"curies":[{"name":"wp","href":"https:\/\/api.w.org\/{rel}","templated":true}]}}