{"id":120320,"date":"2026-04-24T20:16:49","date_gmt":"2026-04-24T18:16:49","guid":{"rendered":"https:\/\/ide.de\/produkt\/2-druckbereich-330-225-bar-fuer-fuellrampen\/"},"modified":"2026-05-15T13:05:24","modified_gmt":"2026-05-15T11:05:24","slug":"2-druckbereich-330-225-bar-fuer-fuellrampen","status":"publish","type":"product","link":"https:\/\/ide.de\/en\/produkt\/2-druckbereich-330-225-bar-fuer-fuellrampen\/","title":{"rendered":"2. Druckbereich 330\/225 bar f\u00fcr F\u00fcllrampen"},"content":{"rendered":"<p>Zweiter Druckbereich zum gleichzeitigen (simultan) Betreiben der F\u00fcllrampe oder eines 300 bar Kompressors mit einer weiteren Druckstufe, z.B. 200 bar mit Druckreduzierventil, Sicherheitsventil f\u00fcr die 2. Druckstufe, F\u00fcllschlauch mit 200 bar F\u00fcllventil mit Edelstahlmanometer.<\/p>","protected":false},"excerpt":{"rendered":"<p>Zweiter Druckbereich zum gleichzeitigen (simultan) Betreiben der F\u00fcllrampe oder eines 300 bar Kompressors mit einer weiteren Druckstufe, z.B. 200 bar mit Druckreduzierventil, Sicherheitsventil f\u00fcr die 2. Druckstufe, F\u00fcllschlauch mit 200 bar F\u00fcllventil mit Edelstahlmanometer.<\/p>","protected":false},"featured_media":120735,"comment_status":"open","ping_status":"closed","template":"","meta":{"_acf_changed":false},"product_brand":[],"product_cat":[203],"product_tag":[],"class_list":{"0":"post-120320","1":"product","2":"type-product","3":"status-publish","4":"has-post-thumbnail","6":"product_cat-fr","8":"first","9":"instock","10":"taxable","11":"shipping-taxable","12":"purchasable","13":"product-type-simple"},"acf":[],"_links":{"self":[{"href":"https:\/\/ide.de\/en\/wp-json\/wp\/v2\/product\/120320","targetHints":{"allow":["GET"]}}],"collection":[{"href":"https:\/\/ide.de\/en\/wp-json\/wp\/v2\/product"}],"about":[{"href":"https:\/\/ide.de\/en\/wp-json\/wp\/v2\/types\/product"}],"replies":[{"embeddable":true,"href":"https:\/\/ide.de\/en\/wp-json\/wp\/v2\/comments?post=120320"}],"wp:featuredmedia":[{"embeddable":true,"href":"https:\/\/ide.de\/en\/wp-json\/wp\/v2\/media\/120735"}],"wp:attachment":[{"href":"https:\/\/ide.de\/en\/wp-json\/wp\/v2\/media?parent=120320"}],"wp:term":[{"taxonomy":"product_brand","embeddable":true,"href":"https:\/\/ide.de\/en\/wp-json\/wp\/v2\/product_brand?post=120320"},{"taxonomy":"product_cat","embeddable":true,"href":"https:\/\/ide.de\/en\/wp-json\/wp\/v2\/product_cat?post=120320"},{"taxonomy":"product_tag","embeddable":true,"href":"https:\/\/ide.de\/en\/wp-json\/wp\/v2\/product_tag?post=120320"}],"curies":[{"name":"wp","href":"https:\/\/api.w.org\/{rel}","templated":true}]}}