{"id":120292,"date":"2026-04-24T20:16:38","date_gmt":"2026-04-24T18:16:38","guid":{"rendered":"https:\/\/ide.de\/produkt\/ide-airsave-ultimate-gd-pruefkoffer-mit-oil-guard\/"},"modified":"2026-04-29T13:06:04","modified_gmt":"2026-04-29T11:06:04","slug":"ide-airsave-ultimate-gd-pruefkoffer-mit-oil-guard","status":"publish","type":"product","link":"https:\/\/ide.de\/en\/produkt\/ide-airsave-ultimate-gd-pruefkoffer-mit-oil-guard\/","title":{"rendered":"IDE Airsave Ultimate GD Pr\u00fcfkoffer- mit Oil Guard"},"content":{"rendered":"<p>Transportabler Pr\u00fcfkoffer zur mobilen und station\u00e4ren Messung\u00a0 der Atemluft aus F\u00fcllanlagen und Kompressoren gem\u00e4\u00df DIN EN 12021:2014.<br \/>\nMessung der verdichteten Luft nach dem Filter von CO, CO2, O2, Wasser in mg\/m\u00b3, die Temperatur, die S\u00e4ttigung der Trocknerpatrone (bei IDE-Kompressoren mit Airsave-Presec-Securus-Trocknerpatronen).<br \/>\nZus\u00e4tzliche Messeinheit Airsave OILGUARD\u00a0 f\u00fcr Rest\u00f6l, misst sowohl in Gasform als auch Rest\u00f6le in aerosoler Form (Tr\u00f6pfchen) mit nach Kundenwunsch voreigestellter Alarmscchwelle bei 0,1mg\/m\u00b3 0der o,5 mg\/m\u00b3<\/p>\n<p>Achtung: OILGUARD\u00a0\u00a0ist keine einfache &#8220;VOC&#8221; Messung die die Vorgaben aus der DIN EN 12021:2014 nicht erf\u00fcllt.<br \/>\nOptionale Messungen: NO oder NO2 und SO2 sowie zus\u00e4tzliche Sensorenhet f\u00fcr die Ansaugluft CO2, Temperatur und brennbare Gase.<br \/>\nAlle Varianten sorgen f\u00fcr die entsprechende Steuerung des Kompressors (f\u00fcr Fremdanlagen bei entsprechenden techn. Voraussetzungen).<br \/>\nBedienung und Anzeige \u00fcber 7-Zoll Touchscreen.<br \/>\nSpeicherung der gemessenen Werte, Abruf \u00fcber eine USB- oder LAN-Schnittstelle als CSV-Datei.<br \/>\n\u00a0Incl. Anschlu\u00dfschlauch mit Adapter f\u00fcr Flaschen und Kompressor (DIN477 G5\/8)<br \/>\nKoffer: extra starkes, sto\u00dffestes TTX01\u00ae Polypropylen Case, s\u00e4urebest\u00e4ndig, kratzfest, wasser-, staub- und lichtdicht, hohe Schlagfestigkeit.<br \/>\nSelbstregulierende Membran f\u00fcr automatischen Druckausgleich (z.B. im Flugzeug).<br \/>\nAu\u00dfenma\u00dfe: 54,5x22x43,5 cm, Gewicht:9,5 kg <\/p>","protected":false},"excerpt":{"rendered":"<p>Transportabler Pr\u00fcfkoffer zur mobilen und station\u00e4ren Messung\u00a0 der Atemluft aus F\u00fcllanlagen und Kompressoren gem\u00e4\u00df DIN EN 12021:2014. Messung der verdichteten Luft nach dem Filter von CO, CO2, O2, Wasser in mg\/m\u00b3, die Temperatur, die S\u00e4ttigung der Trocknerpatrone (bei IDE-Kompressoren mit Airsave-Presec-Securus-Trocknerpatronen). Zus\u00e4tzliche Messeinheit Airsave OILGUARD\u00a0 f\u00fcr Rest\u00f6l, misst sowohl in Gasform als auch Rest\u00f6le in [&hellip;]<\/p>\n","protected":false},"featured_media":120711,"comment_status":"open","ping_status":"closed","template":"","meta":{"_acf_changed":false},"product_brand":[],"product_cat":[132],"product_tag":[],"class_list":{"0":"post-120292","1":"product","2":"type-product","3":"status-publish","4":"has-post-thumbnail","6":"product_cat-lq","8":"first","9":"instock","10":"taxable","11":"shipping-taxable","12":"purchasable","13":"product-type-simple"},"acf":[],"_links":{"self":[{"href":"https:\/\/ide.de\/en\/wp-json\/wp\/v2\/product\/120292","targetHints":{"allow":["GET"]}}],"collection":[{"href":"https:\/\/ide.de\/en\/wp-json\/wp\/v2\/product"}],"about":[{"href":"https:\/\/ide.de\/en\/wp-json\/wp\/v2\/types\/product"}],"replies":[{"embeddable":true,"href":"https:\/\/ide.de\/en\/wp-json\/wp\/v2\/comments?post=120292"}],"wp:featuredmedia":[{"embeddable":true,"href":"https:\/\/ide.de\/en\/wp-json\/wp\/v2\/media\/120711"}],"wp:attachment":[{"href":"https:\/\/ide.de\/en\/wp-json\/wp\/v2\/media?parent=120292"}],"wp:term":[{"taxonomy":"product_brand","embeddable":true,"href":"https:\/\/ide.de\/en\/wp-json\/wp\/v2\/product_brand?post=120292"},{"taxonomy":"product_cat","embeddable":true,"href":"https:\/\/ide.de\/en\/wp-json\/wp\/v2\/product_cat?post=120292"},{"taxonomy":"product_tag","embeddable":true,"href":"https:\/\/ide.de\/en\/wp-json\/wp\/v2\/product_tag?post=120292"}],"curies":[{"name":"wp","href":"https:\/\/api.w.org\/{rel}","templated":true}]}}