{"id":120256,"date":"2026-04-24T20:16:24","date_gmt":"2026-04-24T18:16:24","guid":{"rendered":"https:\/\/ide.de\/produkt\/gefi-start-softstarter-sanftanlauf-fuer-kompressoren-230v-ac-3500w\/"},"modified":"2026-05-15T13:05:15","modified_gmt":"2026-05-15T11:05:15","slug":"gefi-start-softstarter-sanftanlauf-fuer-kompressoren-230v-ac-3500w","status":"publish","type":"product","link":"https:\/\/ide.de\/en\/produkt\/gefi-start-softstarter-sanftanlauf-fuer-kompressoren-230v-ac-3500w\/","title":{"rendered":"GEFI START Softstarter\/ Sanftanlauf f\u00fcr Kompressoren 230V AC-3500W"},"content":{"rendered":"<p>Der Einschaltstrombegrenzer vermeidet die mechanische Beanspruchung und die elektrische Belastung beim Einschalten der Maschine.<br \/>\nDadurch werden Lager, Getriebe, Riemen und die elektrische Ausr\u00fcstung, wie z.B. Schalter, Relais usw. geschont.<br \/>\nDie Lebensdauer und die Wartungsabst\u00e4nde werden verl\u00e4ngert.<br \/>\nDie elektrische Funktion kann mit einem mechanischem Ventil verglichen werden.<br \/>\nWenn die Maschine eingeschaltet wird ist das Ventil nicht ganz auf. Der normalerweise 6 &#8211; 10 mal so hohe Einschaltstrom kann nicht entstehen.<br \/>\nNach dem Einschalten der Maschine \u00f6ffnet das Ventil langsam, sodass die Maschine dann mit uneingeschr\u00e4nkter Leistungsst\u00e4rke arbeitet.<br \/>\nTechnical data:<br \/>\nf\u00fcr Maschinen bis 3500 W<br \/>\nspritzwassergesch\u00fctztes Kunststoffgeh\u00e4use und Steckdosen<br \/>\neingebaute Pr\u00fcf-Funktionslampe<br \/>\n2 Steckdosen: eine f\u00fcr die Einschaltstombegrenzung, \u2013die andere mit Funktion wie die Haushaltssteck-dose f\u00fcr weniger leistungsstarke Maschinen, wie z.B. Bohrmaschine oder Handlampe.<br \/>\nBetriebsspannung: 220-230 Volt \/ 50, 60 Hz<br \/>\nvollelektronisch, d.h. kein verschlei\u00dfbares Teil wie z.B. Relais.<br \/>\nGeeignet auch f\u00fcr Kondensatormotoren<\/p>","protected":false},"excerpt":{"rendered":"<p>Der Einschaltstrombegrenzer vermeidet die mechanische Beanspruchung und die elektrische Belastung beim Einschalten der Maschine. Dadurch werden Lager, Getriebe, Riemen und die elektrische Ausr\u00fcstung, wie z.B. Schalter, Relais usw. geschont. Die Lebensdauer und die Wartungsabst\u00e4nde werden verl\u00e4ngert. Die elektrische Funktion kann mit einem mechanischem Ventil verglichen werden. Wenn die Maschine eingeschaltet wird ist das Ventil nicht [&hellip;]<\/p>\n","protected":false},"featured_media":120676,"comment_status":"open","ping_status":"closed","template":"","meta":{"_acf_changed":false},"product_brand":[],"product_cat":[155],"product_tag":[],"class_list":{"0":"post-120256","1":"product","2":"type-product","3":"status-publish","4":"has-post-thumbnail","6":"product_cat-am","8":"first","9":"instock","10":"taxable","11":"shipping-taxable","12":"purchasable","13":"product-type-simple"},"acf":[],"_links":{"self":[{"href":"https:\/\/ide.de\/en\/wp-json\/wp\/v2\/product\/120256","targetHints":{"allow":["GET"]}}],"collection":[{"href":"https:\/\/ide.de\/en\/wp-json\/wp\/v2\/product"}],"about":[{"href":"https:\/\/ide.de\/en\/wp-json\/wp\/v2\/types\/product"}],"replies":[{"embeddable":true,"href":"https:\/\/ide.de\/en\/wp-json\/wp\/v2\/comments?post=120256"}],"wp:featuredmedia":[{"embeddable":true,"href":"https:\/\/ide.de\/en\/wp-json\/wp\/v2\/media\/120676"}],"wp:attachment":[{"href":"https:\/\/ide.de\/en\/wp-json\/wp\/v2\/media?parent=120256"}],"wp:term":[{"taxonomy":"product_brand","embeddable":true,"href":"https:\/\/ide.de\/en\/wp-json\/wp\/v2\/product_brand?post=120256"},{"taxonomy":"product_cat","embeddable":true,"href":"https:\/\/ide.de\/en\/wp-json\/wp\/v2\/product_cat?post=120256"},{"taxonomy":"product_tag","embeddable":true,"href":"https:\/\/ide.de\/en\/wp-json\/wp\/v2\/product_tag?post=120256"}],"curies":[{"name":"wp","href":"https:\/\/api.w.org\/{rel}","templated":true}]}}