{"id":120255,"date":"2026-04-24T20:16:24","date_gmt":"2026-04-24T18:16:24","guid":{"rendered":"https:\/\/ide.de\/produkt\/gefi-soft-sofstarter-sanftanlauf-fuer-kompressoren-230v-2400w\/"},"modified":"2026-05-15T13:05:14","modified_gmt":"2026-05-15T11:05:14","slug":"gefi-soft-sofstarter-sanftanlauf-fuer-kompressoren-230v-2400w","status":"publish","type":"product","link":"https:\/\/ide.de\/en\/produkt\/gefi-soft-sofstarter-sanftanlauf-fuer-kompressoren-230v-2400w\/","title":{"rendered":"GEFI SOFT Sofstarter\/ Sanftanlauf f\u00fcr Kompressoren -230V- 2400W"},"content":{"rendered":"<p>Anlaufstrombegrenzer f\u00fcr Kompressoren .<br \/>\nDer Einschaltstrombegrenzer vermeidet die mechanische Beanspruchung und die elektrische Belastung beim Einschalten der Maschine.<br \/>\nDadurch werden Lager, Getriebe, Riemen und die elektrische Ausr\u00fcstung, wie z.B. Schalter, Relais usw. geschont.<br \/>\nDie Lebensdauer und die Wartungsabst\u00e4nde werden verl\u00e4ngert.<br \/>\nDie elektrische Funktion kann mit einem mechanischem Ventil verglichen werden.<br \/>\nWenn die Maschine eingeschaltet wird ist das Ventil nicht ganz auf. Der normalerweise 6 &#8211; 10 mal so hohe Einschaltstrom kann nicht entstehen.<br \/>\nNach dem Einschalten der Maschine \u00f6ffnet das Ventil langsam, sodass die Maschine dann mit uneingeschr\u00e4nkter Leistungsst\u00e4rke arbeitet.<br \/>\nTechnical data:<br \/>\nf\u00fcr Maschinen bis 2400 W<br \/>\nspritzwassergesch\u00fctztes Kunststoffgeh\u00e4use und Steckdose<br \/>\n1 Steckdose f\u00fcr die Einschaltstombegrenzung,<br \/>\nBetriebsspannung: 220-230 Volt \/ 50, 60 Hz<br \/>\nvollelektronisch, d.h. kein verschlei\u00dfbares Teil wie z.B. Relais.<br \/>\nGeeignet auch f\u00fcr Kondensatormotoren<br \/>\n\u00a0<\/p>","protected":false},"excerpt":{"rendered":"<p>Anlaufstrombegrenzer f\u00fcr Kompressoren . Der Einschaltstrombegrenzer vermeidet die mechanische Beanspruchung und die elektrische Belastung beim Einschalten der Maschine. Dadurch werden Lager, Getriebe, Riemen und die elektrische Ausr\u00fcstung, wie z.B. Schalter, Relais usw. geschont. Die Lebensdauer und die Wartungsabst\u00e4nde werden verl\u00e4ngert. Die elektrische Funktion kann mit einem mechanischem Ventil verglichen werden. Wenn die Maschine eingeschaltet wird [&hellip;]<\/p>\n","protected":false},"featured_media":120675,"comment_status":"open","ping_status":"closed","template":"","meta":{"_acf_changed":false},"product_brand":[],"product_cat":[155],"product_tag":[],"class_list":{"0":"post-120255","1":"product","2":"type-product","3":"status-publish","4":"has-post-thumbnail","6":"product_cat-am","8":"first","9":"instock","10":"taxable","11":"shipping-taxable","12":"purchasable","13":"product-type-simple"},"acf":[],"_links":{"self":[{"href":"https:\/\/ide.de\/en\/wp-json\/wp\/v2\/product\/120255","targetHints":{"allow":["GET"]}}],"collection":[{"href":"https:\/\/ide.de\/en\/wp-json\/wp\/v2\/product"}],"about":[{"href":"https:\/\/ide.de\/en\/wp-json\/wp\/v2\/types\/product"}],"replies":[{"embeddable":true,"href":"https:\/\/ide.de\/en\/wp-json\/wp\/v2\/comments?post=120255"}],"wp:featuredmedia":[{"embeddable":true,"href":"https:\/\/ide.de\/en\/wp-json\/wp\/v2\/media\/120675"}],"wp:attachment":[{"href":"https:\/\/ide.de\/en\/wp-json\/wp\/v2\/media?parent=120255"}],"wp:term":[{"taxonomy":"product_brand","embeddable":true,"href":"https:\/\/ide.de\/en\/wp-json\/wp\/v2\/product_brand?post=120255"},{"taxonomy":"product_cat","embeddable":true,"href":"https:\/\/ide.de\/en\/wp-json\/wp\/v2\/product_cat?post=120255"},{"taxonomy":"product_tag","embeddable":true,"href":"https:\/\/ide.de\/en\/wp-json\/wp\/v2\/product_tag?post=120255"}],"curies":[{"name":"wp","href":"https:\/\/api.w.org\/{rel}","templated":true}]}}