{"id":120155,"date":"2026-04-24T20:16:01","date_gmt":"2026-04-24T18:16:01","guid":{"rendered":"https:\/\/ide.de\/produkt\/priority-fill-vorrang-fuellsteuerung\/"},"modified":"2026-04-27T15:45:17","modified_gmt":"2026-04-27T13:45:17","slug":"priority-fill-vorrang-fuellsteuerung","status":"publish","type":"product","link":"https:\/\/ide.de\/en\/produkt\/priority-fill-vorrang-fuellsteuerung\/","title":{"rendered":"Priority Fill &#8211; Vorrang-F\u00fcllsteuerung"},"content":{"rendered":"<p>Steuerung zum optimalen F\u00fcllen mittels Kompressor mit nachgeschaltetem Speicher. Durch diese Steuerung werden immer vorrangig die Atemluftger\u00e4te oder Tauchger\u00e4te mit optimaler Leistung entweder aus dem Speicher oder bei Druckausgleich zwischen Speicher und F\u00fcllrampe mit dem Kompressor gef\u00fcllt. Die jeweilige Steuerung und Umschaltung erfolgt automatisch mittels Pneumatikventilen.<\/p>","protected":false},"excerpt":{"rendered":"<p>Steuerung zum optimalen F\u00fcllen mittels Kompressor mit nachgeschaltetem Speicher. Durch diese Steuerung werden immer vorrangig die Atemluftger\u00e4te oder Tauchger\u00e4te mit optimaler Leistung entweder aus dem Speicher oder bei Druckausgleich zwischen Speicher und F\u00fcllrampe mit dem Kompressor gef\u00fcllt. Die jeweilige Steuerung und Umschaltung erfolgt automatisch mittels Pneumatikventilen.<\/p>","protected":false},"featured_media":0,"comment_status":"open","ping_status":"closed","template":"","meta":{"_acf_changed":false},"product_brand":[],"product_cat":[203],"product_tag":[],"class_list":{"0":"post-120155","1":"product","2":"type-product","3":"status-publish","5":"product_cat-fr","7":"first","8":"instock","9":"taxable","10":"shipping-taxable","11":"purchasable","12":"product-type-simple"},"acf":[],"_links":{"self":[{"href":"https:\/\/ide.de\/en\/wp-json\/wp\/v2\/product\/120155","targetHints":{"allow":["GET"]}}],"collection":[{"href":"https:\/\/ide.de\/en\/wp-json\/wp\/v2\/product"}],"about":[{"href":"https:\/\/ide.de\/en\/wp-json\/wp\/v2\/types\/product"}],"replies":[{"embeddable":true,"href":"https:\/\/ide.de\/en\/wp-json\/wp\/v2\/comments?post=120155"}],"wp:attachment":[{"href":"https:\/\/ide.de\/en\/wp-json\/wp\/v2\/media?parent=120155"}],"wp:term":[{"taxonomy":"product_brand","embeddable":true,"href":"https:\/\/ide.de\/en\/wp-json\/wp\/v2\/product_brand?post=120155"},{"taxonomy":"product_cat","embeddable":true,"href":"https:\/\/ide.de\/en\/wp-json\/wp\/v2\/product_cat?post=120155"},{"taxonomy":"product_tag","embeddable":true,"href":"https:\/\/ide.de\/en\/wp-json\/wp\/v2\/product_tag?post=120155"}],"curies":[{"name":"wp","href":"https:\/\/api.w.org\/{rel}","templated":true}]}}