{"id":120146,"date":"2026-04-24T20:15:58","date_gmt":"2026-04-24T18:15:58","guid":{"rendered":"https:\/\/ide.de\/produkt\/speichertation-2-fach-50-ltr-wp-420-bar\/"},"modified":"2026-04-27T15:45:15","modified_gmt":"2026-04-27T13:45:15","slug":"speichertation-2-fach-50-ltr-wp-420-bar","status":"publish","type":"product","link":"https:\/\/ide.de\/en\/produkt\/speichertation-2-fach-50-ltr-wp-420-bar\/","title":{"rendered":"Speichertation 2-fach, 50 ltr., WP 420 bar"},"content":{"rendered":"<p>Atemluftspeichersystem zum Zwischenspeichern verdichteter Luft.<br \/>\nKomplett auf stabiler pulverbeschichteter Wandhalterung \u00fcber Kopf montiert, damit sich unter keinen Umst\u00e4nden Wasser im Speicher sammeln kann.<br \/>\nDie Speichereinheit hat ein zentrales Manometer, ein bauartgepr\u00fcftes Sicherheitsventil und einen zentralen Absperrhahn.<\/p>","protected":false},"excerpt":{"rendered":"<p>Atemluftspeichersystem zum Zwischenspeichern verdichteter Luft. Komplett auf stabiler pulverbeschichteter Wandhalterung \u00fcber Kopf montiert, damit sich unter keinen Umst\u00e4nden Wasser im Speicher sammeln kann. Die Speichereinheit hat ein zentrales Manometer, ein bauartgepr\u00fcftes Sicherheitsventil und einen zentralen Absperrhahn.<\/p>","protected":false},"featured_media":0,"comment_status":"open","ping_status":"closed","template":"","meta":{"_acf_changed":false},"product_brand":[],"product_cat":[206],"product_tag":[],"class_list":{"0":"post-120146","1":"product","2":"type-product","3":"status-publish","5":"product_cat-sp","7":"first","8":"instock","9":"taxable","10":"shipping-taxable","11":"purchasable","12":"product-type-simple"},"acf":[],"_links":{"self":[{"href":"https:\/\/ide.de\/en\/wp-json\/wp\/v2\/product\/120146","targetHints":{"allow":["GET"]}}],"collection":[{"href":"https:\/\/ide.de\/en\/wp-json\/wp\/v2\/product"}],"about":[{"href":"https:\/\/ide.de\/en\/wp-json\/wp\/v2\/types\/product"}],"replies":[{"embeddable":true,"href":"https:\/\/ide.de\/en\/wp-json\/wp\/v2\/comments?post=120146"}],"wp:attachment":[{"href":"https:\/\/ide.de\/en\/wp-json\/wp\/v2\/media?parent=120146"}],"wp:term":[{"taxonomy":"product_brand","embeddable":true,"href":"https:\/\/ide.de\/en\/wp-json\/wp\/v2\/product_brand?post=120146"},{"taxonomy":"product_cat","embeddable":true,"href":"https:\/\/ide.de\/en\/wp-json\/wp\/v2\/product_cat?post=120146"},{"taxonomy":"product_tag","embeddable":true,"href":"https:\/\/ide.de\/en\/wp-json\/wp\/v2\/product_tag?post=120146"}],"curies":[{"name":"wp","href":"https:\/\/api.w.org\/{rel}","templated":true}]}}