{"id":120141,"date":"2026-04-24T20:15:56","date_gmt":"2026-04-24T18:15:56","guid":{"rendered":"https:\/\/ide.de\/produkt\/ide-ultimate-1-ltr-vollsynthetisches-atemluftkompressor-oel\/"},"modified":"2026-05-15T13:04:59","modified_gmt":"2026-05-15T11:04:59","slug":"ide-ultimate-1-ltr-vollsynthetisches-atemluftkompressor-oel","status":"publish","type":"product","link":"https:\/\/ide.de\/en\/produkt\/ide-ultimate-1-ltr-vollsynthetisches-atemluftkompressor-oel\/","title":{"rendered":"IDE ULTIMATE 1 ltr. vollsynthetisches Atemluftkompressor- \u00d6l"},"content":{"rendered":"<p>Hochviskoses Spezial vollsynthetik Schmier\u00f6l mit Herstellerzulassung f\u00fcr \u00f6lgeschierte Atemluftkompressoren.<br \/>\nAbgef\u00fcllt in umweltfreundlich wirderverwertbare Weissblechkanister.<br \/>\nSicherheitsdatenblatt auf Zuruf verf\u00fcgbar.<br \/>\nZolltarif Nr.: 2710 1981<\/p>","protected":false},"excerpt":{"rendered":"<p>Hochviskoses Spezial vollsynthetik Schmier\u00f6l mit Herstellerzulassung f\u00fcr \u00f6lgeschierte Atemluftkompressoren. Abgef\u00fcllt in umweltfreundlich wirderverwertbare Weissblechkanister. Sicherheitsdatenblatt auf Zuruf verf\u00fcgbar. Zolltarif Nr.: 2710 1981<\/p>","protected":false},"featured_media":9782,"comment_status":"open","ping_status":"closed","template":"","meta":{"_acf_changed":false},"product_brand":[],"product_cat":[21],"product_tag":[],"class_list":{"0":"post-120141","1":"product","2":"type-product","3":"status-publish","4":"has-post-thumbnail","6":"product_cat-uncategorized","8":"first","9":"instock","10":"taxable","11":"shipping-taxable","12":"purchasable","13":"product-type-simple"},"acf":[],"_links":{"self":[{"href":"https:\/\/ide.de\/en\/wp-json\/wp\/v2\/product\/120141","targetHints":{"allow":["GET"]}}],"collection":[{"href":"https:\/\/ide.de\/en\/wp-json\/wp\/v2\/product"}],"about":[{"href":"https:\/\/ide.de\/en\/wp-json\/wp\/v2\/types\/product"}],"replies":[{"embeddable":true,"href":"https:\/\/ide.de\/en\/wp-json\/wp\/v2\/comments?post=120141"}],"wp:featuredmedia":[{"embeddable":true,"href":"https:\/\/ide.de\/en\/wp-json\/wp\/v2\/media\/9782"}],"wp:attachment":[{"href":"https:\/\/ide.de\/en\/wp-json\/wp\/v2\/media?parent=120141"}],"wp:term":[{"taxonomy":"product_brand","embeddable":true,"href":"https:\/\/ide.de\/en\/wp-json\/wp\/v2\/product_brand?post=120141"},{"taxonomy":"product_cat","embeddable":true,"href":"https:\/\/ide.de\/en\/wp-json\/wp\/v2\/product_cat?post=120141"},{"taxonomy":"product_tag","embeddable":true,"href":"https:\/\/ide.de\/en\/wp-json\/wp\/v2\/product_tag?post=120141"}],"curies":[{"name":"wp","href":"https:\/\/api.w.org\/{rel}","templated":true}]}}