{"id":120099,"date":"2026-04-24T20:15:45","date_gmt":"2026-04-24T18:15:45","guid":{"rendered":"https:\/\/ide.de\/produkt\/druckreduzierventil-350-8-bar-fuer-co-messung-durchfluss-5-l-min\/"},"modified":"2026-05-15T13:04:52","modified_gmt":"2026-05-15T11:04:52","slug":"druckreduzierventil-350-8-bar-fuer-co-messung-durchfluss-5-l-min","status":"publish","type":"product","link":"https:\/\/ide.de\/en\/produkt\/druckreduzierventil-350-8-bar-fuer-co-messung-durchfluss-5-l-min\/","title":{"rendered":"Druckreduzierventil 350-8 bar f\u00fcr CO-Messung, Durchfluss 5 L\/Min"},"content":{"rendered":"<p>Einbaudruckreduzierventil prim\u00e4r max. 350 bar, sekund\u00e4r 8 bar mit Durchflu\u00dfbegrenzer auf 5 ltr.\/min., Anschluss 1\/4 innen<\/p>","protected":false},"excerpt":{"rendered":"<p>Einbaudruckreduzierventil prim\u00e4r max. 350 bar, sekund\u00e4r 8 bar mit Durchflu\u00dfbegrenzer auf 5 ltr.\/min., Anschluss 1\/4 innen<\/p>","protected":false},"featured_media":120542,"comment_status":"open","ping_status":"closed","template":"","meta":{"_acf_changed":false},"product_brand":[],"product_cat":[147],"product_tag":[],"class_list":{"0":"post-120099","1":"product","2":"type-product","3":"status-publish","4":"has-post-thumbnail","6":"product_cat-fz","8":"first","9":"instock","10":"taxable","11":"shipping-taxable","12":"purchasable","13":"product-type-simple"},"acf":[],"_links":{"self":[{"href":"https:\/\/ide.de\/en\/wp-json\/wp\/v2\/product\/120099","targetHints":{"allow":["GET"]}}],"collection":[{"href":"https:\/\/ide.de\/en\/wp-json\/wp\/v2\/product"}],"about":[{"href":"https:\/\/ide.de\/en\/wp-json\/wp\/v2\/types\/product"}],"replies":[{"embeddable":true,"href":"https:\/\/ide.de\/en\/wp-json\/wp\/v2\/comments?post=120099"}],"wp:featuredmedia":[{"embeddable":true,"href":"https:\/\/ide.de\/en\/wp-json\/wp\/v2\/media\/120542"}],"wp:attachment":[{"href":"https:\/\/ide.de\/en\/wp-json\/wp\/v2\/media?parent=120099"}],"wp:term":[{"taxonomy":"product_brand","embeddable":true,"href":"https:\/\/ide.de\/en\/wp-json\/wp\/v2\/product_brand?post=120099"},{"taxonomy":"product_cat","embeddable":true,"href":"https:\/\/ide.de\/en\/wp-json\/wp\/v2\/product_cat?post=120099"},{"taxonomy":"product_tag","embeddable":true,"href":"https:\/\/ide.de\/en\/wp-json\/wp\/v2\/product_tag?post=120099"}],"curies":[{"name":"wp","href":"https:\/\/api.w.org\/{rel}","templated":true}]}}