{"id":120093,"date":"2026-04-24T20:15:43","date_gmt":"2026-04-24T18:15:43","guid":{"rendered":"https:\/\/ide.de\/produkt\/airsave-basic-kompressor-filterueberwachung\/"},"modified":"2026-05-15T13:04:51","modified_gmt":"2026-05-15T11:04:51","slug":"airsave-basic-kompressor-filterueberwachung","status":"publish","type":"product","link":"https:\/\/ide.de\/en\/produkt\/airsave-basic-kompressor-filterueberwachung\/","title":{"rendered":"AIRSAVE Basic Kompressor &amp; Filter\u00fcberwachung"},"content":{"rendered":"<p>AIRSAVE Basic \u00fcberwacht auch den Kompressor z.B. die Betriebsstunden, die \u00d6lwechselintervalle, sowie Service- und Wartungsintervalle. <\/p>","protected":false},"excerpt":{"rendered":"<p>AIRSAVE Basic \u00fcberwacht auch den Kompressor z.B. die Betriebsstunden, die \u00d6lwechselintervalle, sowie Service- und Wartungsintervalle.<\/p>","protected":false},"featured_media":120536,"comment_status":"open","ping_status":"closed","template":"","meta":{"_acf_changed":false},"product_brand":[],"product_cat":[132],"product_tag":[],"class_list":{"0":"post-120093","1":"product","2":"type-product","3":"status-publish","4":"has-post-thumbnail","6":"product_cat-lq","8":"first","9":"instock","10":"taxable","11":"shipping-taxable","12":"purchasable","13":"product-type-simple"},"acf":[],"_links":{"self":[{"href":"https:\/\/ide.de\/en\/wp-json\/wp\/v2\/product\/120093","targetHints":{"allow":["GET"]}}],"collection":[{"href":"https:\/\/ide.de\/en\/wp-json\/wp\/v2\/product"}],"about":[{"href":"https:\/\/ide.de\/en\/wp-json\/wp\/v2\/types\/product"}],"replies":[{"embeddable":true,"href":"https:\/\/ide.de\/en\/wp-json\/wp\/v2\/comments?post=120093"}],"wp:featuredmedia":[{"embeddable":true,"href":"https:\/\/ide.de\/en\/wp-json\/wp\/v2\/media\/120536"}],"wp:attachment":[{"href":"https:\/\/ide.de\/en\/wp-json\/wp\/v2\/media?parent=120093"}],"wp:term":[{"taxonomy":"product_brand","embeddable":true,"href":"https:\/\/ide.de\/en\/wp-json\/wp\/v2\/product_brand?post=120093"},{"taxonomy":"product_cat","embeddable":true,"href":"https:\/\/ide.de\/en\/wp-json\/wp\/v2\/product_cat?post=120093"},{"taxonomy":"product_tag","embeddable":true,"href":"https:\/\/ide.de\/en\/wp-json\/wp\/v2\/product_tag?post=120093"}],"curies":[{"name":"wp","href":"https:\/\/api.w.org\/{rel}","templated":true}]}}