{"id":120080,"date":"2026-04-24T20:15:41","date_gmt":"2026-04-24T18:15:41","guid":{"rendered":"https:\/\/ide.de\/produkt\/airsave-pro-e-230-v\/"},"modified":"2026-05-15T13:04:49","modified_gmt":"2026-05-15T11:04:49","slug":"airsave-pro-e-230-v","status":"publish","type":"product","link":"https:\/\/ide.de\/en\/produkt\/airsave-pro-e-230-v\/","title":{"rendered":"AIRSAVE PRO E 230 V"},"content":{"rendered":"<p>Airsave Pro Eco, in das Trocknersystem integriertes elektronisches Messsystem f\u00fcr pr\u00e4zise Trockners\u00e4ttigungs\u00fcberwachung, das den S\u00e4ttigungsgrad der Trocknerpatronen permanent mittels Sensoren misst und \u00fcberwacht. Mit bei einer gemessenen S\u00e4ttigung von 80 % erfolgt eine Vorwarnung f\u00fcr bevorstehende Abschaltung zur Patronenbestellung und Abschaltung bei vollst\u00e4ndiger S\u00e4ttigung der Patronen.  <\/p>\n<p>Lieferumfang: AIRSAVE PRO ECO Steuerung integriert in den Kompressor, oder zur Nachr\u00fcstung.<\/p>","protected":false},"excerpt":{"rendered":"<p>Airsave Pro Eco, in das Trocknersystem integriertes elektronisches Messsystem f\u00fcr pr\u00e4zise Trockners\u00e4ttigungs\u00fcberwachung, das den S\u00e4ttigungsgrad der Trocknerpatronen permanent mittels Sensoren misst und \u00fcberwacht. Mit bei einer gemessenen S\u00e4ttigung von 80 % erfolgt eine Vorwarnung f\u00fcr bevorstehende Abschaltung zur Patronenbestellung und Abschaltung bei vollst\u00e4ndiger S\u00e4ttigung der Patronen. Lieferumfang: AIRSAVE PRO ECO Steuerung integriert in den Kompressor, [&hellip;]<\/p>\n","protected":false},"featured_media":9390,"comment_status":"open","ping_status":"closed","template":"","meta":{"_acf_changed":false},"product_brand":[],"product_cat":[132],"product_tag":[],"class_list":{"0":"post-120080","1":"product","2":"type-product","3":"status-publish","4":"has-post-thumbnail","6":"product_cat-lq","8":"first","9":"instock","10":"taxable","11":"shipping-taxable","12":"purchasable","13":"product-type-simple"},"acf":[],"_links":{"self":[{"href":"https:\/\/ide.de\/en\/wp-json\/wp\/v2\/product\/120080","targetHints":{"allow":["GET"]}}],"collection":[{"href":"https:\/\/ide.de\/en\/wp-json\/wp\/v2\/product"}],"about":[{"href":"https:\/\/ide.de\/en\/wp-json\/wp\/v2\/types\/product"}],"replies":[{"embeddable":true,"href":"https:\/\/ide.de\/en\/wp-json\/wp\/v2\/comments?post=120080"}],"wp:featuredmedia":[{"embeddable":true,"href":"https:\/\/ide.de\/en\/wp-json\/wp\/v2\/media\/9390"}],"wp:attachment":[{"href":"https:\/\/ide.de\/en\/wp-json\/wp\/v2\/media?parent=120080"}],"wp:term":[{"taxonomy":"product_brand","embeddable":true,"href":"https:\/\/ide.de\/en\/wp-json\/wp\/v2\/product_brand?post=120080"},{"taxonomy":"product_cat","embeddable":true,"href":"https:\/\/ide.de\/en\/wp-json\/wp\/v2\/product_cat?post=120080"},{"taxonomy":"product_tag","embeddable":true,"href":"https:\/\/ide.de\/en\/wp-json\/wp\/v2\/product_tag?post=120080"}],"curies":[{"name":"wp","href":"https:\/\/api.w.org\/{rel}","templated":true}]}}