{"id":120061,"date":"2026-04-24T20:15:36","date_gmt":"2026-04-24T18:15:36","guid":{"rendered":"https:\/\/ide.de\/produkt\/manometer-glyzerin-0-100-bar-63-mm-1-4-u\/"},"modified":"2026-04-27T15:44:59","modified_gmt":"2026-04-27T13:44:59","slug":"manometer-glyzerin-0-100-bar-63-mm-1-4-u","status":"publish","type":"product","link":"https:\/\/ide.de\/en\/produkt\/manometer-glyzerin-0-100-bar-63-mm-1-4-u\/","title":{"rendered":"Manometer Glyzerin 0-100 bar, 63 mm 1\/4 U"},"content":{"rendered":"<p>Druckmessger\u00e4t mit Rohrfeder, Fl\u00fcssigkeitsf\u00fcllung<br \/>\nCrNi-Stahlgeh\u00e4use,<br \/>\nGeh\u00e4use: CrNi-Stahl 1.4301<br \/>\nNenngr\u00f6\u00dfe: 63 mm<br \/>\nAnzeigebereich: 0&#8230;100 bar<br \/>\nProzessanschluss: G 1\/4<br \/>\nAnschlusslage: unten<br \/>\nGenauigkeitsklasse: Klasse 1,6<br \/>\nF\u00fcllmedium Geh\u00e4use: Glyzerin 99,7 %<\/p>","protected":false},"excerpt":{"rendered":"<p>Druckmessger\u00e4t mit Rohrfeder, Fl\u00fcssigkeitsf\u00fcllung CrNi-Stahlgeh\u00e4use, Geh\u00e4use: CrNi-Stahl 1.4301 Nenngr\u00f6\u00dfe: 63 mm Anzeigebereich: 0&#8230;100 bar Prozessanschluss: G 1\/4 Anschlusslage: unten Genauigkeitsklasse: Klasse 1,6 F\u00fcllmedium Geh\u00e4use: Glyzerin 99,7 %<\/p>","protected":false},"featured_media":0,"comment_status":"open","ping_status":"closed","template":"","meta":{"_acf_changed":false},"product_brand":[],"product_cat":[21],"product_tag":[],"class_list":{"0":"post-120061","1":"product","2":"type-product","3":"status-publish","5":"product_cat-uncategorized","7":"first","8":"instock","9":"taxable","10":"shipping-taxable","11":"purchasable","12":"product-type-simple"},"acf":[],"_links":{"self":[{"href":"https:\/\/ide.de\/en\/wp-json\/wp\/v2\/product\/120061","targetHints":{"allow":["GET"]}}],"collection":[{"href":"https:\/\/ide.de\/en\/wp-json\/wp\/v2\/product"}],"about":[{"href":"https:\/\/ide.de\/en\/wp-json\/wp\/v2\/types\/product"}],"replies":[{"embeddable":true,"href":"https:\/\/ide.de\/en\/wp-json\/wp\/v2\/comments?post=120061"}],"wp:attachment":[{"href":"https:\/\/ide.de\/en\/wp-json\/wp\/v2\/media?parent=120061"}],"wp:term":[{"taxonomy":"product_brand","embeddable":true,"href":"https:\/\/ide.de\/en\/wp-json\/wp\/v2\/product_brand?post=120061"},{"taxonomy":"product_cat","embeddable":true,"href":"https:\/\/ide.de\/en\/wp-json\/wp\/v2\/product_cat?post=120061"},{"taxonomy":"product_tag","embeddable":true,"href":"https:\/\/ide.de\/en\/wp-json\/wp\/v2\/product_tag?post=120061"}],"curies":[{"name":"wp","href":"https:\/\/api.w.org\/{rel}","templated":true}]}}