{"id":120056,"date":"2026-04-24T20:15:35","date_gmt":"2026-04-24T18:15:35","guid":{"rendered":"https:\/\/ide.de\/produkt\/automatische-co2-spuelung-des-trockners-hmi-tcc-control\/"},"modified":"2026-05-15T13:04:46","modified_gmt":"2026-05-15T11:04:46","slug":"automatische-co2-spuelung-des-trockners-hmi-tcc-control","status":"publish","type":"product","link":"https:\/\/ide.de\/en\/produkt\/automatische-co2-spuelung-des-trockners-hmi-tcc-control\/","title":{"rendered":"Automatische CO2 Sp\u00fclung des Trockners, HMI-TCC-Control"},"content":{"rendered":"<p>W\u00e4hrend des F\u00fcllvorgangs reichert sich die Trocknerpatrone mit ddem durchstr\u00f6nenden CO2 an. Wenn nach der Kompressorabschaltung kein Durchfluss mehr erfolgt gibt die Patrone das CO2 wieder frei un d das komplette Trocknerpatronengeh\u00e4use ist voll mit CO2.<br \/>\nDass dieses CO2 nicht in die Atemger\u00e4te gelangt wird das CO2 im Trocknergeh\u00e4use beim Kompressorstart ca 30  Sekunden ausgesp\u00fclt und erst danach wird die Luft zum F\u00fcllen zur F\u00fclleinrichtung weitergeleitet.<\/p>","protected":false},"excerpt":{"rendered":"<p>W\u00e4hrend des F\u00fcllvorgangs reichert sich die Trocknerpatrone mit ddem durchstr\u00f6nenden CO2 an. Wenn nach der Kompressorabschaltung kein Durchfluss mehr erfolgt gibt die Patrone das CO2 wieder frei un d das komplette Trocknerpatronengeh\u00e4use ist voll mit CO2. Dass dieses CO2 nicht in die Atemger\u00e4te gelangt wird das CO2 im Trocknergeh\u00e4use beim Kompressorstart ca 30 Sekunden ausgesp\u00fclt [&hellip;]<\/p>\n","protected":false},"featured_media":120839,"comment_status":"open","ping_status":"closed","template":"","meta":{"_acf_changed":false},"product_brand":[],"product_cat":[207],"product_tag":[],"class_list":{"0":"post-120056","1":"product","2":"type-product","3":"status-publish","4":"has-post-thumbnail","6":"product_cat-et","8":"first","9":"instock","10":"taxable","11":"shipping-taxable","12":"purchasable","13":"product-type-simple"},"acf":[],"_links":{"self":[{"href":"https:\/\/ide.de\/en\/wp-json\/wp\/v2\/product\/120056","targetHints":{"allow":["GET"]}}],"collection":[{"href":"https:\/\/ide.de\/en\/wp-json\/wp\/v2\/product"}],"about":[{"href":"https:\/\/ide.de\/en\/wp-json\/wp\/v2\/types\/product"}],"replies":[{"embeddable":true,"href":"https:\/\/ide.de\/en\/wp-json\/wp\/v2\/comments?post=120056"}],"wp:featuredmedia":[{"embeddable":true,"href":"https:\/\/ide.de\/en\/wp-json\/wp\/v2\/media\/120839"}],"wp:attachment":[{"href":"https:\/\/ide.de\/en\/wp-json\/wp\/v2\/media?parent=120056"}],"wp:term":[{"taxonomy":"product_brand","embeddable":true,"href":"https:\/\/ide.de\/en\/wp-json\/wp\/v2\/product_brand?post=120056"},{"taxonomy":"product_cat","embeddable":true,"href":"https:\/\/ide.de\/en\/wp-json\/wp\/v2\/product_cat?post=120056"},{"taxonomy":"product_tag","embeddable":true,"href":"https:\/\/ide.de\/en\/wp-json\/wp\/v2\/product_tag?post=120056"}],"curies":[{"name":"wp","href":"https:\/\/api.w.org\/{rel}","templated":true}]}}