{"id":120040,"date":"2026-04-24T20:15:30","date_gmt":"2026-04-24T18:15:30","guid":{"rendered":"https:\/\/ide.de\/produkt\/fuelladapter-300-bar-200-bar\/"},"modified":"2026-05-15T13:04:44","modified_gmt":"2026-05-15T11:04:44","slug":"fuelladapter-300-bar-200-bar","status":"publish","type":"product","link":"https:\/\/ide.de\/en\/produkt\/fuelladapter-300-bar-200-bar\/","title":{"rendered":"F\u00fclladapter  300 bar &gt; 200 bar"},"content":{"rendered":"<p>F\u00fclladapter zum F\u00fcllen von 200 bar Tanks an 300 bar Anschl\u00fcssen,<br \/>\nEine Seiten mit Aufnahme weiblich f\u00fcr F\u00fcllanschluss 300 bar, andere Seite mit F\u00fcllanschluss 200 bar.<br \/>\nDieser 200 bar Anschluss ist mit einem verplombten\u00a0Sicherheitsventil abgesichert.<\/p>\n<p>\u00a0<\/p>","protected":false},"excerpt":{"rendered":"<p>F\u00fclladapter zum F\u00fcllen von 200 bar Tanks an 300 bar Anschl\u00fcssen, Eine Seiten mit Aufnahme weiblich f\u00fcr F\u00fcllanschluss 300 bar, andere Seite mit F\u00fcllanschluss 200 bar. Dieser 200 bar Anschluss ist mit einem verplombten\u00a0Sicherheitsventil abgesichert. \u00a0<\/p>","protected":false},"featured_media":120485,"comment_status":"open","ping_status":"closed","template":"","meta":{"_acf_changed":false},"product_brand":[],"product_cat":[204],"product_tag":[],"class_list":{"0":"post-120040","1":"product","2":"type-product","3":"status-publish","4":"has-post-thumbnail","6":"product_cat-fue","8":"first","9":"instock","10":"taxable","11":"shipping-taxable","12":"purchasable","13":"product-type-simple"},"acf":[],"_links":{"self":[{"href":"https:\/\/ide.de\/en\/wp-json\/wp\/v2\/product\/120040","targetHints":{"allow":["GET"]}}],"collection":[{"href":"https:\/\/ide.de\/en\/wp-json\/wp\/v2\/product"}],"about":[{"href":"https:\/\/ide.de\/en\/wp-json\/wp\/v2\/types\/product"}],"replies":[{"embeddable":true,"href":"https:\/\/ide.de\/en\/wp-json\/wp\/v2\/comments?post=120040"}],"wp:featuredmedia":[{"embeddable":true,"href":"https:\/\/ide.de\/en\/wp-json\/wp\/v2\/media\/120485"}],"wp:attachment":[{"href":"https:\/\/ide.de\/en\/wp-json\/wp\/v2\/media?parent=120040"}],"wp:term":[{"taxonomy":"product_brand","embeddable":true,"href":"https:\/\/ide.de\/en\/wp-json\/wp\/v2\/product_brand?post=120040"},{"taxonomy":"product_cat","embeddable":true,"href":"https:\/\/ide.de\/en\/wp-json\/wp\/v2\/product_cat?post=120040"},{"taxonomy":"product_tag","embeddable":true,"href":"https:\/\/ide.de\/en\/wp-json\/wp\/v2\/product_tag?post=120040"}],"curies":[{"name":"wp","href":"https:\/\/api.w.org\/{rel}","templated":true}]}}