{"id":120039,"date":"2026-04-24T20:15:29","date_gmt":"2026-04-24T18:15:29","guid":{"rendered":"https:\/\/ide.de\/produkt\/fill-save-600-c\/"},"modified":"2026-05-15T13:04:44","modified_gmt":"2026-05-15T11:04:44","slug":"fill-save-600-c","status":"publish","type":"product","link":"https:\/\/ide.de\/en\/produkt\/fill-save-600-c\/","title":{"rendered":"FILL SAVE 600 C"},"content":{"rendered":"<p>FILL SAVE 600 mit integriertem Kompressor<br \/>\nNach einigen Unf\u00e4llen durch berstende Druckbeh\u00e4lter beim F\u00fcllvorgang wurde bereits in vielen L\u00e4ndern ein Explosionsschutz beim Flaschenf\u00fcllen Vorschrift oder Standard,<br \/>\nDie IDE Sicherheitsf\u00fcllstation FILL SAVE 600 C aus hochfestem\u00a0 &#8220;double layer&#8221; Spezialstahl mit hydropneumatisch gesteuerten Sicherheitst\u00fcren gew\u00e4hrt dem F\u00fcllpersonal Schutz vor berstenden bzw. explodierenden Druckbeh\u00e4ltern beim F\u00fcllvorgang.<br \/>\nDie einzelnen Druckgasflaschen liegen gut zug\u00e4nglich in der F\u00fcllbox.\u00a0 Die F\u00fcllanschl\u00fcsse sind automatisch entl\u00fcftende F\u00fcllventile\u00a0 mit Sicherheitsf\u00fcllrohren, Flow Stop und F\u00fcllschl\u00e4uchen 0,8 m.<br \/>\nEin ausgekl\u00fcgeltes 2 Hand- Sicherheitssystem, von einer Microprozessor-Steuerung gesteuert, sch\u00fctzt vor Fehlbedienung. Die Bedienung der kompletten F\u00fcllanlage erfolgt mit intuitiver elektronischer Steuerung und Drucktasten auf dem Bedienpanel mit nachfolgendem Funktionsumfang: Auto Stop bei Erreichen des Enddrucks, automatische elektronisch gesteuerte Kondensatableitung, Airsave Pro E\u00a0 elektronische, Sensorgesteuerte Filters\u00e4ttingungs\u00fcberwachung.<\/p>\n<p>Die FILL-SAVE 600 C verf\u00fcgt ausserdem\u00a0\u00fcber einen integrierten Kompressor mit einer Luftliterleistung von 320L\/Min.<\/p>\n<p>Luftliterleistung 320 L\/Min, 19,2m\u00b3\/h, 11,3 c.f.m., 225\/330 bar.<\/p>\n<p>Auf einer f\u00fcr Serviceleistungen herausziehbaren Plattform ist der integrierte Hochdruckkompressor verbaut.<br \/>\nHoch effizient durch permanente Weiterentwicklung seit \u00fcber \u00a03, vieltausendfach im Einsatz bew\u00e4hrt\u00a0 und beliebt. <\/p>\n<p>Hochfester Aluminium Kompressorblock mit einer geschmiedeten Kurbelwelle die in gro\u00df dimensionierten Industriew\u00e4lzlagern gelagert ist, geschmiedete Aluminium Pleuel mit doppelt wirkenden Lagern, Aluminium Kolben, in der ersten und zweiten Verdichterstufe Aluminium Zylinder mit NICASIL beschichteten Spezialgehohnten Laufffl\u00e4chen, Freiflugkolben in der 3. Verdichterstufe, spezielle Zylinderk\u00f6pfe mit verringertem Totraum, gro\u00dfe robuste Ventile die f\u00fcr schnellen Luftaustausch sorgen, spezielle \u00e4u\u00dferst wirkungsvolle K\u00fchlung mittels Edelstahlk\u00fchlern und einer doppelten Schmierung mittels \u00d6lspritzschmierung und einer Niederdruck\u00f6lpumpe mit maximal 3 bar im kalten und einem Bar im warmen Zustand. Dadurch deutlich geringerer \u00d6lanteil in der verdichteten Luft. All diese Feature geben uns die M\u00f6glichkeit bei oftmals gleicher Antriebsleistung \u00fcber 105% mehr Leistung als die meisten Mitbewerber zu generieren.<\/p>\n<p>Robuste Bauweise, extrem lange Wartungsintervalle, gute Zug\u00e4nglichkeit der Komponenten f\u00fcr einfache schnelle Wartungen, stets weltweit schnell verf\u00fcgbare Ersatz- und Wartungsteile und vieles mehr machen diesen Kompressorblock zu einem der beliebtesten und meistverkauftesten Profi-Bl\u00f6cke weltweit.<\/p>\n<p>Triple-Plus Reintrocknersystem FT 410 A\u00a0 f\u00fcr ca. 1400 m\u00b3 (@20\u00b0C), reine Luft nach DIN EN 12021:2014, (bei entsprechender Ansaugluft mit zugelassenem CO2 Gehalt) mit Airsave Pro E Filterpatronens\u00e4ttigungs\u00fcberwachung.<\/p>\n<p>V-belt drive:<br \/>\nAntrieb: drei Phasen- Drehstrommotor 400V 7,5 kW 50\/60 Hz, Ger\u00e4uschentwicklung ca. 82 dbA in 1,5 mtr. Entfernung.<\/p>\n<p>Im Lieferumfang enthalten:<br \/>\nTrocknerpatrone FT 410 A, Kompressor\u00f6l, ausf\u00fchrliches Handbuch, Teilehandbuch, Kompressorlogbuch, F\u00fcllbuch und Zertifikate.<\/p>\n<p>Optionally available at an extra charge:<\/p>\n<p>Ma\u00dfeder kompletten Anlage : 1500 x 980 x 1885 mm, Gewicht 430 kg.<\/p>\n<p>FILLSAVE 600 Zertifiziert durch die Zugelassene \u00dcberwachungsstelle der DEKRA<br \/>\nHS CODE 8414 9000<br \/>\n\u00a0<\/p>","protected":false},"excerpt":{"rendered":"<p>FILL SAVE 600 mit integriertem Kompressor Nach einigen Unf\u00e4llen durch berstende Druckbeh\u00e4lter beim F\u00fcllvorgang wurde bereits in vielen L\u00e4ndern ein Explosionsschutz beim Flaschenf\u00fcllen Vorschrift oder Standard, Die IDE Sicherheitsf\u00fcllstation FILL SAVE 600 C aus hochfestem\u00a0 &#8220;double layer&#8221; Spezialstahl mit hydropneumatisch gesteuerten Sicherheitst\u00fcren gew\u00e4hrt dem F\u00fcllpersonal Schutz vor berstenden bzw. explodierenden Druckbeh\u00e4ltern beim F\u00fcllvorgang. Die einzelnen [&hellip;]<\/p>\n","protected":false},"featured_media":120484,"comment_status":"open","ping_status":"closed","template":"","meta":{"_acf_changed":false},"product_brand":[],"product_cat":[204],"product_tag":[],"class_list":{"0":"post-120039","1":"product","2":"type-product","3":"status-publish","4":"has-post-thumbnail","6":"product_cat-fue","8":"first","9":"instock","10":"taxable","11":"shipping-taxable","12":"purchasable","13":"product-type-simple"},"acf":[],"_links":{"self":[{"href":"https:\/\/ide.de\/en\/wp-json\/wp\/v2\/product\/120039","targetHints":{"allow":["GET"]}}],"collection":[{"href":"https:\/\/ide.de\/en\/wp-json\/wp\/v2\/product"}],"about":[{"href":"https:\/\/ide.de\/en\/wp-json\/wp\/v2\/types\/product"}],"replies":[{"embeddable":true,"href":"https:\/\/ide.de\/en\/wp-json\/wp\/v2\/comments?post=120039"}],"wp:featuredmedia":[{"embeddable":true,"href":"https:\/\/ide.de\/en\/wp-json\/wp\/v2\/media\/120484"}],"wp:attachment":[{"href":"https:\/\/ide.de\/en\/wp-json\/wp\/v2\/media?parent=120039"}],"wp:term":[{"taxonomy":"product_brand","embeddable":true,"href":"https:\/\/ide.de\/en\/wp-json\/wp\/v2\/product_brand?post=120039"},{"taxonomy":"product_cat","embeddable":true,"href":"https:\/\/ide.de\/en\/wp-json\/wp\/v2\/product_cat?post=120039"},{"taxonomy":"product_tag","embeddable":true,"href":"https:\/\/ide.de\/en\/wp-json\/wp\/v2\/product_tag?post=120039"}],"curies":[{"name":"wp","href":"https:\/\/api.w.org\/{rel}","templated":true}]}}