{"id":120038,"date":"2026-04-24T20:15:29","date_gmt":"2026-04-24T18:15:29","guid":{"rendered":"https:\/\/ide.de\/produkt\/fuellrampe-8-fach-kipph-mit-schlauchanschluss-1-druckbereich\/"},"modified":"2026-05-15T13:04:44","modified_gmt":"2026-05-15T11:04:44","slug":"fuellrampe-8-fach-kipph-mit-schlauchanschluss-1-druckbereich","status":"publish","type":"product","link":"https:\/\/ide.de\/en\/produkt\/fuellrampe-8-fach-kipph-mit-schlauchanschluss-1-druckbereich\/","title":{"rendered":"F\u00fcllrampe 8-fach Kipph. mit Schlauchanschluss, 1 Druckbereich"},"content":{"rendered":"<p>F\u00fcllrampe aus unserem Vorf\u00fchrraum mit 8 Direktf\u00fcllanschl\u00fcssen,  optional auch mit Schlauchanschl\u00fcssen  mit 1,3 mtr. Kevlar Hochdruckf\u00fcllschl\u00e4uchen. Alle F\u00fcllanschl\u00fcsse mit  &#8220;Flow-Stop&#8221; (Abstr\u00f6msicherung) f\u00fcr einen Druckbereich (200 oder 300 bar, wie gew\u00fcnscht) zur Wandbefestigung aus Stahlblech. Die F\u00fcllrampe kann an jede handels\u00fcbliche Atemluftf\u00fcllanlage integriert werden. Die F\u00fcllanschl\u00fcsse bestehen aus selbstentl\u00fcftenden Edelstahl-Kipphebelventilen., die Entl\u00fcftung ist mit einem Schalld\u00e4mpfer versehen. F\u00fclldruckanzeige mittels eines mit Glycerin gef\u00fcllten Edelstahl-Hochdruckmanometer der Klasse 1,0  0-400 bar.<\/p>","protected":false},"excerpt":{"rendered":"<p>F\u00fcllrampe aus unserem Vorf\u00fchrraum mit 8 Direktf\u00fcllanschl\u00fcssen, optional auch mit Schlauchanschl\u00fcssen mit 1,3 mtr. Kevlar Hochdruckf\u00fcllschl\u00e4uchen. Alle F\u00fcllanschl\u00fcsse mit &#8220;Flow-Stop&#8221; (Abstr\u00f6msicherung) f\u00fcr einen Druckbereich (200 oder 300 bar, wie gew\u00fcnscht) zur Wandbefestigung aus Stahlblech. Die F\u00fcllrampe kann an jede handels\u00fcbliche Atemluftf\u00fcllanlage integriert werden. Die F\u00fcllanschl\u00fcsse bestehen aus selbstentl\u00fcftenden Edelstahl-Kipphebelventilen., die Entl\u00fcftung ist mit einem Schalld\u00e4mpfer [&hellip;]<\/p>\n","protected":false},"featured_media":120483,"comment_status":"open","ping_status":"closed","template":"","meta":{"_acf_changed":false},"product_brand":[],"product_cat":[204],"product_tag":[],"class_list":{"0":"post-120038","1":"product","2":"type-product","3":"status-publish","4":"has-post-thumbnail","6":"product_cat-fue","8":"first","9":"instock","10":"taxable","11":"shipping-taxable","12":"purchasable","13":"product-type-simple"},"acf":[],"_links":{"self":[{"href":"https:\/\/ide.de\/en\/wp-json\/wp\/v2\/product\/120038","targetHints":{"allow":["GET"]}}],"collection":[{"href":"https:\/\/ide.de\/en\/wp-json\/wp\/v2\/product"}],"about":[{"href":"https:\/\/ide.de\/en\/wp-json\/wp\/v2\/types\/product"}],"replies":[{"embeddable":true,"href":"https:\/\/ide.de\/en\/wp-json\/wp\/v2\/comments?post=120038"}],"wp:featuredmedia":[{"embeddable":true,"href":"https:\/\/ide.de\/en\/wp-json\/wp\/v2\/media\/120483"}],"wp:attachment":[{"href":"https:\/\/ide.de\/en\/wp-json\/wp\/v2\/media?parent=120038"}],"wp:term":[{"taxonomy":"product_brand","embeddable":true,"href":"https:\/\/ide.de\/en\/wp-json\/wp\/v2\/product_brand?post=120038"},{"taxonomy":"product_cat","embeddable":true,"href":"https:\/\/ide.de\/en\/wp-json\/wp\/v2\/product_cat?post=120038"},{"taxonomy":"product_tag","embeddable":true,"href":"https:\/\/ide.de\/en\/wp-json\/wp\/v2\/product_tag?post=120038"}],"curies":[{"name":"wp","href":"https:\/\/api.w.org\/{rel}","templated":true}]}}