{"id":120037,"date":"2026-04-24T20:15:29","date_gmt":"2026-04-24T18:15:29","guid":{"rendered":"https:\/\/ide.de\/produkt\/fuellrampe-6-fach-kipph-mit-schlauchanschluss-1-druckbereich\/"},"modified":"2026-05-15T13:04:44","modified_gmt":"2026-05-15T11:04:44","slug":"fuellrampe-6-fach-kipph-mit-schlauchanschluss-1-druckbereich","status":"publish","type":"product","link":"https:\/\/ide.de\/en\/produkt\/fuellrampe-6-fach-kipph-mit-schlauchanschluss-1-druckbereich\/","title":{"rendered":"F\u00fcllrampe 6-fach Kipph. mit Schlauchanschluss, 1 Druckbereich"},"content":{"rendered":"<p>Bedienerfreundliche Kipphebelventile, selbstst\u00e4ndiges Entl\u00fcften der F\u00fcllschl\u00e4che und Flaschenanschl\u00fcsse beim Schlie\u00dfen Gro\u00dfdimensionierter F\u00fclldruckmanometer Komplette Edelstahlverrohrung Separater Befestigungsrahmen f\u00fcr unkomplizierte Wandmontage F\u00fcllleistengeh\u00e4use l\u00e4\u00dft sich problemlos (im angebauten Zustand) zu Wartungszwecken \u00f6ffnen Entl\u00fcftung innerhalb des F\u00fcllleistengeh\u00e4uses Durch Modulbauweise l\u00e4\u00dft sich die F\u00fcllleiste problemlos mit allen weiteren IDE-COMPRESSORS Produkten erg\u00e4nzen\u00a0<\/p>\n<p>1 Manometer (1x 0-250 bar oder 1x \u00a00-400 bar, \u00d8100 mm, Kl. 1,0) 6 selbstentl\u00fcftende Kipphebelventile<br \/>\nStart \/ Stopp Taste mit Kontrollleuchte (zur Fernbedienung des Kompressors)<br \/>\nSchottverschraubung f\u00fcr Pressluftzuleitung<br \/>\n6 Hochdruckf\u00fcllschl\u00e4uche, L\u00e4nge: 1.000 mm<br \/>\n6 Flaschenanschl\u00fcsse (6x DIN 200 bar, 6x INT oder 6x DIN 300 bar)<br \/>\nOptional: Direktverschraubungen statt F\u00fcllschl\u00e4uche (inkl. Aufsteckhalter)<\/p>\n<p>\u00a0<\/p>\n<p>\u00a0<\/p>","protected":false},"excerpt":{"rendered":"<p>Bedienerfreundliche Kipphebelventile, selbstst\u00e4ndiges Entl\u00fcften der F\u00fcllschl\u00e4che und Flaschenanschl\u00fcsse beim Schlie\u00dfen Gro\u00dfdimensionierter F\u00fclldruckmanometer Komplette Edelstahlverrohrung Separater Befestigungsrahmen f\u00fcr unkomplizierte Wandmontage F\u00fcllleistengeh\u00e4use l\u00e4\u00dft sich problemlos (im angebauten Zustand) zu Wartungszwecken \u00f6ffnen Entl\u00fcftung innerhalb des F\u00fcllleistengeh\u00e4uses Durch Modulbauweise l\u00e4\u00dft sich die F\u00fcllleiste problemlos mit allen weiteren IDE-COMPRESSORS Produkten erg\u00e4nzen\u00a0 1 Manometer (1x 0-250 bar oder 1x \u00a00-400 bar, [&hellip;]<\/p>\n","protected":false},"featured_media":120482,"comment_status":"open","ping_status":"closed","template":"","meta":{"_acf_changed":false},"product_brand":[],"product_cat":[203],"product_tag":[],"class_list":{"0":"post-120037","1":"product","2":"type-product","3":"status-publish","4":"has-post-thumbnail","6":"product_cat-fr","8":"first","9":"instock","10":"taxable","11":"shipping-taxable","12":"purchasable","13":"product-type-simple"},"acf":[],"_links":{"self":[{"href":"https:\/\/ide.de\/en\/wp-json\/wp\/v2\/product\/120037","targetHints":{"allow":["GET"]}}],"collection":[{"href":"https:\/\/ide.de\/en\/wp-json\/wp\/v2\/product"}],"about":[{"href":"https:\/\/ide.de\/en\/wp-json\/wp\/v2\/types\/product"}],"replies":[{"embeddable":true,"href":"https:\/\/ide.de\/en\/wp-json\/wp\/v2\/comments?post=120037"}],"wp:featuredmedia":[{"embeddable":true,"href":"https:\/\/ide.de\/en\/wp-json\/wp\/v2\/media\/120482"}],"wp:attachment":[{"href":"https:\/\/ide.de\/en\/wp-json\/wp\/v2\/media?parent=120037"}],"wp:term":[{"taxonomy":"product_brand","embeddable":true,"href":"https:\/\/ide.de\/en\/wp-json\/wp\/v2\/product_brand?post=120037"},{"taxonomy":"product_cat","embeddable":true,"href":"https:\/\/ide.de\/en\/wp-json\/wp\/v2\/product_cat?post=120037"},{"taxonomy":"product_tag","embeddable":true,"href":"https:\/\/ide.de\/en\/wp-json\/wp\/v2\/product_tag?post=120037"}],"curies":[{"name":"wp","href":"https:\/\/api.w.org\/{rel}","templated":true}]}}