{"id":120031,"date":"2026-04-24T20:15:28","date_gmt":"2026-04-24T18:15:28","guid":{"rendered":"https:\/\/ide.de\/produkt\/trocknersystem-ft-610-airsave-ped-2014-68-eu\/"},"modified":"2026-05-15T13:04:43","modified_gmt":"2026-05-15T11:04:43","slug":"trocknersystem-ft-610-airsave-ped-2014-68-eu","status":"publish","type":"product","link":"https:\/\/ide.de\/en\/produkt\/trocknersystem-ft-610-airsave-ped-2014-68-eu\/","title":{"rendered":"Trocknersystem FT 610 Airsave   PED 2014\/68\/EU"},"content":{"rendered":"<p>F\u00fcr periodischen Austausch Trocknereinheit FT 610 f\u00fcr 1800 m\u00b3 (20\u00b0C Trocknerwandtemperatur) getrocknete Luft, mit Sensormodul f\u00fcr Airsave Filters\u00e4ttigungs\u00fcberwachung mit Herstellerzertifikat und Konformit\u00e4tserkl\u00e4rung. Passend f\u00fcr IDE Kompressoren, kompatibel zu Bauer P61 Securus, Coltri Megafilter Presec und diverse andere Modelle auf Nachfrage<\/p>","protected":false},"excerpt":{"rendered":"<p>F\u00fcr periodischen Austausch Trocknereinheit FT 610 f\u00fcr 1800 m\u00b3 (20\u00b0C Trocknerwandtemperatur) getrocknete Luft, mit Sensormodul f\u00fcr Airsave Filters\u00e4ttigungs\u00fcberwachung mit Herstellerzertifikat und Konformit\u00e4tserkl\u00e4rung. Passend f\u00fcr IDE Kompressoren, kompatibel zu Bauer P61 Securus, Coltri Megafilter Presec und diverse andere Modelle auf Nachfrage<\/p>","protected":false},"featured_media":120478,"comment_status":"open","ping_status":"closed","template":"","meta":{"_acf_changed":false},"product_brand":[],"product_cat":[134],"product_tag":[],"class_list":{"0":"post-120031","1":"product","2":"type-product","3":"status-publish","4":"has-post-thumbnail","6":"product_cat-fi","8":"first","9":"instock","10":"taxable","11":"shipping-taxable","12":"purchasable","13":"product-type-simple"},"acf":[],"_links":{"self":[{"href":"https:\/\/ide.de\/en\/wp-json\/wp\/v2\/product\/120031","targetHints":{"allow":["GET"]}}],"collection":[{"href":"https:\/\/ide.de\/en\/wp-json\/wp\/v2\/product"}],"about":[{"href":"https:\/\/ide.de\/en\/wp-json\/wp\/v2\/types\/product"}],"replies":[{"embeddable":true,"href":"https:\/\/ide.de\/en\/wp-json\/wp\/v2\/comments?post=120031"}],"wp:featuredmedia":[{"embeddable":true,"href":"https:\/\/ide.de\/en\/wp-json\/wp\/v2\/media\/120478"}],"wp:attachment":[{"href":"https:\/\/ide.de\/en\/wp-json\/wp\/v2\/media?parent=120031"}],"wp:term":[{"taxonomy":"product_brand","embeddable":true,"href":"https:\/\/ide.de\/en\/wp-json\/wp\/v2\/product_brand?post=120031"},{"taxonomy":"product_cat","embeddable":true,"href":"https:\/\/ide.de\/en\/wp-json\/wp\/v2\/product_cat?post=120031"},{"taxonomy":"product_tag","embeddable":true,"href":"https:\/\/ide.de\/en\/wp-json\/wp\/v2\/product_tag?post=120031"}],"curies":[{"name":"wp","href":"https:\/\/api.w.org\/{rel}","templated":true}]}}