{"id":120030,"date":"2026-04-24T20:15:27","date_gmt":"2026-04-24T18:15:27","guid":{"rendered":"https:\/\/ide.de\/produkt\/trocknersystem-ft-610-ped-2014-68-eu\/"},"modified":"2026-05-15T13:04:43","modified_gmt":"2026-05-15T11:04:43","slug":"trocknersystem-ft-610-ped-2014-68-eu","status":"publish","type":"product","link":"https:\/\/ide.de\/en\/produkt\/trocknersystem-ft-610-ped-2014-68-eu\/","title":{"rendered":"Trocknersystem FT 610   PED 2014\/68\/EU"},"content":{"rendered":"<p>F\u00fcr periodischen Austausch Trocknereinheit FT 610 f\u00fcr 1800 m\u00b3 (20\u00b0C Trocknerwandtemperatur) getrocknete Luft, mit Herstellerzertifikat und Konformit\u00e4tserkl\u00e4rung. Passend f\u00fcr IDE Kompressoren, kompatibel zu Bauer P61, Coltri Megafilter und diverse andere Modelle auf Nachfrage<\/p>","protected":false},"excerpt":{"rendered":"<p>F\u00fcr periodischen Austausch Trocknereinheit FT 610 f\u00fcr 1800 m\u00b3 (20\u00b0C Trocknerwandtemperatur) getrocknete Luft, mit Herstellerzertifikat und Konformit\u00e4tserkl\u00e4rung. Passend f\u00fcr IDE Kompressoren, kompatibel zu Bauer P61, Coltri Megafilter und diverse andere Modelle auf Nachfrage<\/p>","protected":false},"featured_media":120477,"comment_status":"open","ping_status":"closed","template":"","meta":{"_acf_changed":false},"product_brand":[],"product_cat":[134],"product_tag":[],"class_list":{"0":"post-120030","1":"product","2":"type-product","3":"status-publish","4":"has-post-thumbnail","6":"product_cat-fi","8":"first","9":"instock","10":"taxable","11":"shipping-taxable","12":"purchasable","13":"product-type-simple"},"acf":[],"_links":{"self":[{"href":"https:\/\/ide.de\/en\/wp-json\/wp\/v2\/product\/120030","targetHints":{"allow":["GET"]}}],"collection":[{"href":"https:\/\/ide.de\/en\/wp-json\/wp\/v2\/product"}],"about":[{"href":"https:\/\/ide.de\/en\/wp-json\/wp\/v2\/types\/product"}],"replies":[{"embeddable":true,"href":"https:\/\/ide.de\/en\/wp-json\/wp\/v2\/comments?post=120030"}],"wp:featuredmedia":[{"embeddable":true,"href":"https:\/\/ide.de\/en\/wp-json\/wp\/v2\/media\/120477"}],"wp:attachment":[{"href":"https:\/\/ide.de\/en\/wp-json\/wp\/v2\/media?parent=120030"}],"wp:term":[{"taxonomy":"product_brand","embeddable":true,"href":"https:\/\/ide.de\/en\/wp-json\/wp\/v2\/product_brand?post=120030"},{"taxonomy":"product_cat","embeddable":true,"href":"https:\/\/ide.de\/en\/wp-json\/wp\/v2\/product_cat?post=120030"},{"taxonomy":"product_tag","embeddable":true,"href":"https:\/\/ide.de\/en\/wp-json\/wp\/v2\/product_tag?post=120030"}],"curies":[{"name":"wp","href":"https:\/\/api.w.org\/{rel}","templated":true}]}}