{"id":120021,"date":"2026-04-24T20:15:26","date_gmt":"2026-04-24T18:15:26","guid":{"rendered":"https:\/\/ide.de\/produkt\/kompressor-ueberwachung-fuer-benzingetriebene-runleader\/"},"modified":"2026-05-15T13:04:42","modified_gmt":"2026-05-15T11:04:42","slug":"kompressor-ueberwachung-fuer-benzingetriebene-runleader","status":"publish","type":"product","link":"https:\/\/ide.de\/en\/produkt\/kompressor-ueberwachung-fuer-benzingetriebene-runleader\/","title":{"rendered":"Betriebsstundenz\u00e4hler f\u00fcr Benzingetriebene RUNLEADER"},"content":{"rendered":"<p>Drehzahlmesser (U \/ min), Betriebsstundenz\u00e4hler, Service-Timer (SVC &amp; SVC2), r\u00fccksetzbarer Job-Timer (JOB).<br \/>\n Programmierbarer Wartungsintervall-Service-Timer<br \/>\nf\u00fcr alle Benzinmotoren geeignet.<\/p>","protected":false},"excerpt":{"rendered":"<p>Drehzahlmesser (U \/ min), Betriebsstundenz\u00e4hler, Service-Timer (SVC &amp; SVC2), r\u00fccksetzbarer Job-Timer (JOB). Programmierbarer Wartungsintervall-Service-Timer f\u00fcr alle Benzinmotoren geeignet.<\/p>","protected":false},"featured_media":120469,"comment_status":"open","ping_status":"closed","template":"","meta":{"_acf_changed":false},"product_brand":[],"product_cat":[155],"product_tag":[],"class_list":{"0":"post-120021","1":"product","2":"type-product","3":"status-publish","4":"has-post-thumbnail","6":"product_cat-am","8":"first","9":"instock","10":"taxable","11":"shipping-taxable","12":"purchasable","13":"product-type-simple"},"acf":[],"_links":{"self":[{"href":"https:\/\/ide.de\/en\/wp-json\/wp\/v2\/product\/120021","targetHints":{"allow":["GET"]}}],"collection":[{"href":"https:\/\/ide.de\/en\/wp-json\/wp\/v2\/product"}],"about":[{"href":"https:\/\/ide.de\/en\/wp-json\/wp\/v2\/types\/product"}],"replies":[{"embeddable":true,"href":"https:\/\/ide.de\/en\/wp-json\/wp\/v2\/comments?post=120021"}],"wp:featuredmedia":[{"embeddable":true,"href":"https:\/\/ide.de\/en\/wp-json\/wp\/v2\/media\/120469"}],"wp:attachment":[{"href":"https:\/\/ide.de\/en\/wp-json\/wp\/v2\/media?parent=120021"}],"wp:term":[{"taxonomy":"product_brand","embeddable":true,"href":"https:\/\/ide.de\/en\/wp-json\/wp\/v2\/product_brand?post=120021"},{"taxonomy":"product_cat","embeddable":true,"href":"https:\/\/ide.de\/en\/wp-json\/wp\/v2\/product_cat?post=120021"},{"taxonomy":"product_tag","embeddable":true,"href":"https:\/\/ide.de\/en\/wp-json\/wp\/v2\/product_tag?post=120021"}],"curies":[{"name":"wp","href":"https:\/\/api.w.org\/{rel}","templated":true}]}}