{"id":120011,"date":"2026-04-24T20:15:24","date_gmt":"2026-04-24T18:15:24","guid":{"rendered":"https:\/\/ide.de\/produkt\/kohler-command-ch-265-65-hp-48-kw\/"},"modified":"2026-05-14T13:04:35","modified_gmt":"2026-05-14T11:04:35","slug":"kohler-command-ch-265-65-hp-48-kw","status":"publish","type":"product","link":"https:\/\/ide.de\/en\/produkt\/kohler-command-ch-265-65-hp-48-kw\/","title":{"rendered":"Kohler COMMAND CH 265 6,5 HP- 4,8 KW"},"content":{"rendered":"<p>KOHLER\u00ae 3000 Serie SH265-0104<br \/>\nViertakt, Einzylinder, Schr\u00e4gzylinder, OHV, luftgek\u00fchlt, Benzinmotor,<br \/>\nElektronische Z\u00fcndung,<br \/>\nZwei \u00d6lablass\u00f6ffnungen<br \/>\nGusseiserne Zylinderlaufbuchse<br \/>\n3,6-Liter-Kraftstofftank aus Metall mit Schmutzf\u00e4nger<br \/>\nKraftstoff-Absperrventil<br \/>\nAm Motor montierte Drosselklappen- und Chokeregler, fernbedienbar<br \/>\nInstallierter Oil SentryTM-Schalter (keine Leuchte)<br \/>\nFarbe: schwarz<br \/>\nKurbelwelle = 0,75&#8243; (19,05 mm) Durchmesser x 2,42&#8243;<br \/>\n(= 61,47 mm) L\u00e4nge der Zapfwelle, mit Gewinde 5\/16-24UNF<\/p>","protected":false},"excerpt":{"rendered":"<p>KOHLER\u00ae 3000 Serie SH265-0104 Viertakt, Einzylinder, Schr\u00e4gzylinder, OHV, luftgek\u00fchlt, Benzinmotor, Elektronische Z\u00fcndung, Zwei \u00d6lablass\u00f6ffnungen Gusseiserne Zylinderlaufbuchse 3,6-Liter-Kraftstofftank aus Metall mit Schmutzf\u00e4nger Kraftstoff-Absperrventil Am Motor montierte Drosselklappen- und Chokeregler, fernbedienbar Installierter Oil SentryTM-Schalter (keine Leuchte) Farbe: schwarz Kurbelwelle = 0,75&#8243; (19,05 mm) Durchmesser x 2,42&#8243; (= 61,47 mm) L\u00e4nge der Zapfwelle, mit Gewinde 5\/16-24UNF<\/p>","protected":false},"featured_media":120460,"comment_status":"open","ping_status":"closed","template":"","meta":{"_acf_changed":false},"product_brand":[],"product_cat":[155],"product_tag":[],"class_list":{"0":"post-120011","1":"product","2":"type-product","3":"status-publish","4":"has-post-thumbnail","6":"product_cat-am","8":"first","9":"instock","10":"taxable","11":"shipping-taxable","12":"purchasable","13":"product-type-simple"},"acf":[],"_links":{"self":[{"href":"https:\/\/ide.de\/en\/wp-json\/wp\/v2\/product\/120011","targetHints":{"allow":["GET"]}}],"collection":[{"href":"https:\/\/ide.de\/en\/wp-json\/wp\/v2\/product"}],"about":[{"href":"https:\/\/ide.de\/en\/wp-json\/wp\/v2\/types\/product"}],"replies":[{"embeddable":true,"href":"https:\/\/ide.de\/en\/wp-json\/wp\/v2\/comments?post=120011"}],"wp:featuredmedia":[{"embeddable":true,"href":"https:\/\/ide.de\/en\/wp-json\/wp\/v2\/media\/120460"}],"wp:attachment":[{"href":"https:\/\/ide.de\/en\/wp-json\/wp\/v2\/media?parent=120011"}],"wp:term":[{"taxonomy":"product_brand","embeddable":true,"href":"https:\/\/ide.de\/en\/wp-json\/wp\/v2\/product_brand?post=120011"},{"taxonomy":"product_cat","embeddable":true,"href":"https:\/\/ide.de\/en\/wp-json\/wp\/v2\/product_cat?post=120011"},{"taxonomy":"product_tag","embeddable":true,"href":"https:\/\/ide.de\/en\/wp-json\/wp\/v2\/product_tag?post=120011"}],"curies":[{"name":"wp","href":"https:\/\/api.w.org\/{rel}","templated":true}]}}