{"id":120010,"date":"2026-04-24T20:15:24","date_gmt":"2026-04-24T18:15:24","guid":{"rendered":"https:\/\/ide.de\/produkt\/honda-gp-200-37-kw-5-ps-3600-rpm-benzin\/"},"modified":"2026-05-15T13:04:40","modified_gmt":"2026-05-15T11:04:40","slug":"honda-gp-200-37-kw-5-ps-3600-rpm-benzin","status":"publish","type":"product","link":"https:\/\/ide.de\/en\/produkt\/honda-gp-200-37-kw-5-ps-3600-rpm-benzin\/","title":{"rendered":"HONDA GP 200  3,7 kW, 5 PS\/ 3600 rpm Benzin"},"content":{"rendered":"<p>Verbrennungsmotor f\u00fcr Benzinbetrieb mit \u00d6lniveau\u00fcberwachung und Start-Stop Schalter<\/p>","protected":false},"excerpt":{"rendered":"<p>Verbrennungsmotor f\u00fcr Benzinbetrieb mit \u00d6lniveau\u00fcberwachung und Start-Stop Schalter<\/p>","protected":false},"featured_media":120459,"comment_status":"open","ping_status":"closed","template":"","meta":{"_acf_changed":false},"product_brand":[],"product_cat":[155],"product_tag":[],"class_list":{"0":"post-120010","1":"product","2":"type-product","3":"status-publish","4":"has-post-thumbnail","6":"product_cat-am","8":"first","9":"instock","10":"taxable","11":"shipping-taxable","12":"purchasable","13":"product-type-simple"},"acf":[],"_links":{"self":[{"href":"https:\/\/ide.de\/en\/wp-json\/wp\/v2\/product\/120010","targetHints":{"allow":["GET"]}}],"collection":[{"href":"https:\/\/ide.de\/en\/wp-json\/wp\/v2\/product"}],"about":[{"href":"https:\/\/ide.de\/en\/wp-json\/wp\/v2\/types\/product"}],"replies":[{"embeddable":true,"href":"https:\/\/ide.de\/en\/wp-json\/wp\/v2\/comments?post=120010"}],"wp:featuredmedia":[{"embeddable":true,"href":"https:\/\/ide.de\/en\/wp-json\/wp\/v2\/media\/120459"}],"wp:attachment":[{"href":"https:\/\/ide.de\/en\/wp-json\/wp\/v2\/media?parent=120010"}],"wp:term":[{"taxonomy":"product_brand","embeddable":true,"href":"https:\/\/ide.de\/en\/wp-json\/wp\/v2\/product_brand?post=120010"},{"taxonomy":"product_cat","embeddable":true,"href":"https:\/\/ide.de\/en\/wp-json\/wp\/v2\/product_cat?post=120010"},{"taxonomy":"product_tag","embeddable":true,"href":"https:\/\/ide.de\/en\/wp-json\/wp\/v2\/product_tag?post=120010"}],"curies":[{"name":"wp","href":"https:\/\/api.w.org\/{rel}","templated":true}]}}