{"id":120003,"date":"2026-04-24T20:15:20","date_gmt":"2026-04-24T18:15:20","guid":{"rendered":"https:\/\/ide.de\/produkt\/airsave-kalibrierset-im-transportkoffer\/"},"modified":"2026-05-15T13:04:40","modified_gmt":"2026-05-15T11:04:40","slug":"airsave-kalibrierset-im-transportkoffer","status":"publish","type":"product","link":"https:\/\/ide.de\/en\/produkt\/airsave-kalibrierset-im-transportkoffer\/","title":{"rendered":"Airsave Kalibrierset im Transportkoffer"},"content":{"rendered":"<p>Kalibrierset komplett mit Entnahmeventil, Druckreduzierung, Durchflussbegrenzer im praktischen und robusten Transportkoffer.<br \/>\n1 Dose Kalibriergas zum Kalibrieren von Feuchtesensoren und Taupunktsensoren<br \/>\nGasgemisch:<br \/>\nStickstoff 5.0 99,9% (N2)<br \/>\nEine F\u00fcllung reicht f\u00fcr ca. 4-5 Kalibriervorg\u00e4nge<br \/>\n2. Dose Kalibriergas zum Kalibrieren von CO, CO2, O2 Sensoren.<br \/>\nGasgemisch:<br \/>\n20 ppm Kohlenmonoxid 3.0 (CO)<br \/>\n1000 ppm Kohlendioxid 4.5 ( CO2)<br \/>\n21 Vol.-% Sauerstoff 4.5 (O2)<br \/>\nRest Stickstoff 5.0 (N2)<br \/>\nF\u00fclldruck: ca. 12 bar<br \/>\nMindesthaltbarkeit: ca. 24 Monate<br \/>\nEine F\u00fcllung reicht f\u00fcr ca. 3 Kalibriervorg\u00e4nge<\/p>","protected":false},"excerpt":{"rendered":"<p>Kalibrierset komplett mit Entnahmeventil, Druckreduzierung, Durchflussbegrenzer im praktischen und robusten Transportkoffer. 1 Dose Kalibriergas zum Kalibrieren von Feuchtesensoren und Taupunktsensoren Gasgemisch: Stickstoff 5.0 99,9% (N2) Eine F\u00fcllung reicht f\u00fcr ca. 4-5 Kalibriervorg\u00e4nge 2. Dose Kalibriergas zum Kalibrieren von CO, CO2, O2 Sensoren. Gasgemisch: 20 ppm Kohlenmonoxid 3.0 (CO) 1000 ppm Kohlendioxid 4.5 ( CO2) 21 [&hellip;]<\/p>\n","protected":false},"featured_media":120452,"comment_status":"open","ping_status":"closed","template":"","meta":{"_acf_changed":false},"product_brand":[],"product_cat":[132],"product_tag":[],"class_list":{"0":"post-120003","1":"product","2":"type-product","3":"status-publish","4":"has-post-thumbnail","6":"product_cat-lq","8":"first","9":"instock","10":"taxable","11":"shipping-taxable","12":"purchasable","13":"product-type-simple"},"acf":[],"_links":{"self":[{"href":"https:\/\/ide.de\/en\/wp-json\/wp\/v2\/product\/120003","targetHints":{"allow":["GET"]}}],"collection":[{"href":"https:\/\/ide.de\/en\/wp-json\/wp\/v2\/product"}],"about":[{"href":"https:\/\/ide.de\/en\/wp-json\/wp\/v2\/types\/product"}],"replies":[{"embeddable":true,"href":"https:\/\/ide.de\/en\/wp-json\/wp\/v2\/comments?post=120003"}],"wp:featuredmedia":[{"embeddable":true,"href":"https:\/\/ide.de\/en\/wp-json\/wp\/v2\/media\/120452"}],"wp:attachment":[{"href":"https:\/\/ide.de\/en\/wp-json\/wp\/v2\/media?parent=120003"}],"wp:term":[{"taxonomy":"product_brand","embeddable":true,"href":"https:\/\/ide.de\/en\/wp-json\/wp\/v2\/product_brand?post=120003"},{"taxonomy":"product_cat","embeddable":true,"href":"https:\/\/ide.de\/en\/wp-json\/wp\/v2\/product_cat?post=120003"},{"taxonomy":"product_tag","embeddable":true,"href":"https:\/\/ide.de\/en\/wp-json\/wp\/v2\/product_tag?post=120003"}],"curies":[{"name":"wp","href":"https:\/\/api.w.org\/{rel}","templated":true}]}}