{"id":120002,"date":"2026-04-24T20:15:20","date_gmt":"2026-04-24T18:15:20","guid":{"rendered":"https:\/\/ide.de\/produkt\/airsave-kalibriergas-stickstoff-trocken-1l-12-bar\/"},"modified":"2026-05-15T13:04:40","modified_gmt":"2026-05-15T11:04:40","slug":"airsave-kalibriergas-stickstoff-trocken-1l-12-bar","status":"publish","type":"product","link":"https:\/\/ide.de\/en\/produkt\/airsave-kalibriergas-stickstoff-trocken-1l-12-bar\/","title":{"rendered":"Airsave Kalibriergas Stickstoff &#8211; trocken 1L-12 bar"},"content":{"rendered":"<p>Kalibriergas zum Kalibrieren von Feuchtesensoren und Taupunktsensoren<br \/>\nGasgemisch:<br \/>\nStickstoff 5.0 99,9% (N2)<br \/>\nF\u00fclldruck: ca. 12 bar<br \/>\nMindesthaltbarkeit: ca. 24 Monate<br \/>\nEine F\u00fcllung reicht f\u00fcr ca. 1-2 Kalibriervorg\u00e4nge <\/p>","protected":false},"excerpt":{"rendered":"<p>Kalibriergas zum Kalibrieren von Feuchtesensoren und Taupunktsensoren Gasgemisch: Stickstoff 5.0 99,9% (N2) F\u00fclldruck: ca. 12 bar Mindesthaltbarkeit: ca. 24 Monate Eine F\u00fcllung reicht f\u00fcr ca. 1-2 Kalibriervorg\u00e4nge<\/p>","protected":false},"featured_media":120451,"comment_status":"open","ping_status":"closed","template":"","meta":{"_acf_changed":false},"product_brand":[],"product_cat":[132],"product_tag":[],"class_list":{"0":"post-120002","1":"product","2":"type-product","3":"status-publish","4":"has-post-thumbnail","6":"product_cat-lq","8":"first","9":"instock","10":"taxable","11":"shipping-taxable","12":"purchasable","13":"product-type-simple"},"acf":[],"_links":{"self":[{"href":"https:\/\/ide.de\/en\/wp-json\/wp\/v2\/product\/120002","targetHints":{"allow":["GET"]}}],"collection":[{"href":"https:\/\/ide.de\/en\/wp-json\/wp\/v2\/product"}],"about":[{"href":"https:\/\/ide.de\/en\/wp-json\/wp\/v2\/types\/product"}],"replies":[{"embeddable":true,"href":"https:\/\/ide.de\/en\/wp-json\/wp\/v2\/comments?post=120002"}],"wp:featuredmedia":[{"embeddable":true,"href":"https:\/\/ide.de\/en\/wp-json\/wp\/v2\/media\/120451"}],"wp:attachment":[{"href":"https:\/\/ide.de\/en\/wp-json\/wp\/v2\/media?parent=120002"}],"wp:term":[{"taxonomy":"product_brand","embeddable":true,"href":"https:\/\/ide.de\/en\/wp-json\/wp\/v2\/product_brand?post=120002"},{"taxonomy":"product_cat","embeddable":true,"href":"https:\/\/ide.de\/en\/wp-json\/wp\/v2\/product_cat?post=120002"},{"taxonomy":"product_tag","embeddable":true,"href":"https:\/\/ide.de\/en\/wp-json\/wp\/v2\/product_tag?post=120002"}],"curies":[{"name":"wp","href":"https:\/\/api.w.org\/{rel}","templated":true}]}}