{"id":120000,"date":"2026-04-24T20:15:19","date_gmt":"2026-04-24T18:15:19","guid":{"rendered":"https:\/\/ide.de\/produkt\/airsave-kalibriergas-entnahmeventil-fuer-12-l-gasdose\/"},"modified":"2026-05-15T13:04:39","modified_gmt":"2026-05-15T11:04:39","slug":"airsave-kalibriergas-entnahmeventil-fuer-12-l-gasdose","status":"publish","type":"product","link":"https:\/\/ide.de\/en\/produkt\/airsave-kalibriergas-entnahmeventil-fuer-12-l-gasdose\/","title":{"rendered":"Airsave Kalibriergas Entnahmeventil f\u00fcr 12 L Gasdose"},"content":{"rendered":"<p>Materialien:<br \/>\nGeh\u00e4use: Messing<br \/>\nDurchflussmesser: Kunststoff<br \/>\nSchwebek\u00f6rper: VA<br \/>\nAnschl\u00fcsse:<br \/>\nEingang: 7\/16&#8221; IG<br \/>\nAusgang: Schlaucht\u00fclle 1\/6&#8221;<br \/>\nFlussregelung mittels Durchflussmesser(0,5-1,5l\/min)Druck 12 bar<br \/>\nKeine Druckregelung<\/p>","protected":false},"excerpt":{"rendered":"<p>Materialien: Geh\u00e4use: Messing Durchflussmesser: Kunststoff Schwebek\u00f6rper: VA Anschl\u00fcsse: Eingang: 7\/16&#8221; IG Ausgang: Schlaucht\u00fclle 1\/6&#8221; Flussregelung mittels Durchflussmesser(0,5-1,5l\/min)Druck 12 bar Keine Druckregelung<\/p>","protected":false},"featured_media":120449,"comment_status":"open","ping_status":"closed","template":"","meta":{"_acf_changed":false},"product_brand":[],"product_cat":[132],"product_tag":[],"class_list":{"0":"post-120000","1":"product","2":"type-product","3":"status-publish","4":"has-post-thumbnail","6":"product_cat-lq","8":"first","9":"instock","10":"taxable","11":"shipping-taxable","12":"purchasable","13":"product-type-simple"},"acf":[],"_links":{"self":[{"href":"https:\/\/ide.de\/en\/wp-json\/wp\/v2\/product\/120000","targetHints":{"allow":["GET"]}}],"collection":[{"href":"https:\/\/ide.de\/en\/wp-json\/wp\/v2\/product"}],"about":[{"href":"https:\/\/ide.de\/en\/wp-json\/wp\/v2\/types\/product"}],"replies":[{"embeddable":true,"href":"https:\/\/ide.de\/en\/wp-json\/wp\/v2\/comments?post=120000"}],"wp:featuredmedia":[{"embeddable":true,"href":"https:\/\/ide.de\/en\/wp-json\/wp\/v2\/media\/120449"}],"wp:attachment":[{"href":"https:\/\/ide.de\/en\/wp-json\/wp\/v2\/media?parent=120000"}],"wp:term":[{"taxonomy":"product_brand","embeddable":true,"href":"https:\/\/ide.de\/en\/wp-json\/wp\/v2\/product_brand?post=120000"},{"taxonomy":"product_cat","embeddable":true,"href":"https:\/\/ide.de\/en\/wp-json\/wp\/v2\/product_cat?post=120000"},{"taxonomy":"product_tag","embeddable":true,"href":"https:\/\/ide.de\/en\/wp-json\/wp\/v2\/product_tag?post=120000"}],"curies":[{"name":"wp","href":"https:\/\/api.w.org\/{rel}","templated":true}]}}