{"id":10051,"date":"2026-03-10T08:07:06","date_gmt":"2026-03-10T07:07:06","guid":{"rendered":"https:\/\/ide.de\/product\/kompressor-bavaria-tso-open-semi-silent-270-320\/"},"modified":"2026-05-15T13:05:44","modified_gmt":"2026-05-15T11:05:44","slug":"kompressor-bavaria-tso-open-semi-silent-270-320","status":"publish","type":"product","link":"https:\/\/ide.de\/en\/produkt\/kompressor-bavaria-tso-open-semi-silent-270-320\/","title":{"rendered":"Kompressor BAVARIA TSO Open Semi- SILENT 270-320"},"content":{"rendered":"<p>BAVARIA TSO Open-Semisilent PROFESSIONAL \u2013 f\u00fcr Profis gemacht!<br \/>\nMaximale Sicherheit und reinste Atemluft f\u00fcr Feuerwehr &amp; Rettungsdienste \u2013 Taucher &amp; Tauchzentren \u2013 Industrie &amp; Schifffahrt, Der TSO Open Professional wurde speziell f\u00fcr Feuerwehren, Rettungsdienste, Tauchzentren und industrielle Anwendungen entwickelt \u2013 robust, leistungsstark und wartungsarm. 24\/7-Betrieb \u2013\u00a0 nur 83 dB(A), Atemluft nach h\u00f6chsten Standards\u00a0<br \/>\nLuftdurchfluss: 270 LpM. &#8211; 320LpM = 16,2- 19m\u00b3 &#8211; 9,53- 11,3 CFM<br \/>\nMaximaler Arbeitsdruck: 350 bar<br \/>\nSicherheitsventile f\u00fcr jede Verdichtungsstufe,\u00a0Mikronischer Ansaugfilter,\u00a0Halbger\u00e4uscharme, l\u00e4rmreduzierte Konstruktion 83dbA<br \/>\nDoppelte Schmierung mit einer Niederdruck\u00f6lpumpe mit Mikropartikel-\u00d6lfilter und hocheffizienter Zentrifugal-Nadelschmierung, \u00d6lmenge 2,6 Liter.<br \/>\nMikronischer Ansaugluftfilter, Zwischenabscheider nach 2. und 3. Kompressorstufe, Kondensatabscheidung mit Spezialschalld\u00e4mpfer, 5-Liter-Auffangbeh\u00e4lter.<br \/>\nFT 410 three-stage breathing air drying system, T\u00dcV-tested, dryer capacity approx. 1400 m\u00b3 at 15 \u00b0C (UT) for H\u00b2O\/oil or optional H\u00b2O\/oil\/CO.<br \/>\nElectronic monitoring of dryer saturation with Airsave PRO E, integrated humidity sensor in the filter cartridge.<br \/>\nIDE HIGH END Kompressorsteuerung,\u00a0\u00dcberwachung und Regelung des stufenlos einstellbaren Enddrucks,\u00a0des stufenlos einstellbaren Wiederanlaufdrucks<br \/>\nSteuerung und \u00dcberwachung des automatischen Kondensatablass,\u00a0Steuerung und \u00dcberwachung des optionalen CO2-Sp\u00fclsystems,<br \/>\nSteuerung und \u00dcberwachung der Stern-Dreieck-Motorsteuerung,\u00a0Aufzeichnung der Betriebsstunden.<br \/>\n\u00dcberwachung der optionalen AIRSAVE PRO E Atemlufttrockner-Patronenwechselinterval-\u00dc\u00fcberwachung mit Abschaltung,<br \/>\nAsynchroner Drehstrommotor 400 V, 50 Hz, 5,5-7,5 kW, B3 IP 55, konische Antriebsriemenscheibe mit SPA-Keilriemen.<br \/>\n1 Hauptluftauslass 16 x 1,5 8S oder optional externe F\u00fcllrampe mit 4 x 200 bar oder 4 x 300 bar oder 2 x 200 + 2 x 300 bar F\u00fcllvorrichtungen.<br \/>\nAccessories included:<br \/>\nWrench for dryer housing, comprehensive operating instructions, spare parts manual, compressor logbook, compressor filling log, declaration of conformity, certificates for safety valves, hoses, separator, dryer, air quality and leak test, dryer cartridge FT 410 A.<br \/>\nAbmessungen: LxBxH LxBxH 1100 x 750 x 1320 mm, Gewicht ca. 210-215\u00a0kg<\/p>\n<p>Weitere Informationen siehe Datenblatt<br \/>\n\u00a0<\/p>","protected":false},"excerpt":{"rendered":"<p>BAVARIA TSO Open-Semisilent PROFESSIONAL \u2013 f\u00fcr Profis gemacht! Maximale Sicherheit und reinste Atemluft f\u00fcr Feuerwehr &amp; Rettungsdienste \u2013 Taucher &amp; Tauchzentren \u2013 Industrie &amp; Schifffahrt, Der TSO Open Professional wurde speziell f\u00fcr Feuerwehren, Rettungsdienste, Tauchzentren und industrielle Anwendungen entwickelt \u2013 robust, leistungsstark und wartungsarm. 24\/7-Betrieb \u2013\u00a0 nur 83 dB(A), Atemluft nach h\u00f6chsten Standards\u00a0 Luftdurchfluss: 270 [&hellip;]<\/p>\n","protected":false},"featured_media":10041,"comment_status":"closed","ping_status":"closed","template":"","meta":{"_acf_changed":false},"product_brand":[],"product_cat":[146,150],"product_tag":[],"class_list":{"0":"post-10051","1":"product","2":"type-product","3":"status-publish","4":"has-post-thumbnail","6":"product_cat-kos","7":"product_cat-ko","8":"pa_arbeitsdruck-200-bar-2900-psi","9":"pa_arbeitsdruck-300-bar-4351-psi","10":"pa_arbeitsdruck-420-bar-6091-psi","11":"pa_fuellleistung-270-lpm-953-cfm","12":"pa_fuellleistung-320-lpm-113-cfm","13":"pa_fuellleistung-380-lpm-1342-cfm","14":"pa_fuellleistung-450-lpm-1589-cfm","15":"pa_leistung-55-kw","16":"pa_leistung-75-kw","17":"pa_spannung-400v","19":"first","20":"instock","21":"taxable","22":"shipping-taxable","23":"purchasable","24":"product-type-variable"},"acf":[],"_links":{"self":[{"href":"https:\/\/ide.de\/en\/wp-json\/wp\/v2\/product\/10051","targetHints":{"allow":["GET"]}}],"collection":[{"href":"https:\/\/ide.de\/en\/wp-json\/wp\/v2\/product"}],"about":[{"href":"https:\/\/ide.de\/en\/wp-json\/wp\/v2\/types\/product"}],"replies":[{"embeddable":true,"href":"https:\/\/ide.de\/en\/wp-json\/wp\/v2\/comments?post=10051"}],"wp:featuredmedia":[{"embeddable":true,"href":"https:\/\/ide.de\/en\/wp-json\/wp\/v2\/media\/10041"}],"wp:attachment":[{"href":"https:\/\/ide.de\/en\/wp-json\/wp\/v2\/media?parent=10051"}],"wp:term":[{"taxonomy":"product_brand","embeddable":true,"href":"https:\/\/ide.de\/en\/wp-json\/wp\/v2\/product_brand?post=10051"},{"taxonomy":"product_cat","embeddable":true,"href":"https:\/\/ide.de\/en\/wp-json\/wp\/v2\/product_cat?post=10051"},{"taxonomy":"product_tag","embeddable":true,"href":"https:\/\/ide.de\/en\/wp-json\/wp\/v2\/product_tag?post=10051"}],"curies":[{"name":"wp","href":"https:\/\/api.w.org\/{rel}","templated":true}]}}